{"id":7267,"date":"2019-06-20T21:59:02","date_gmt":"2019-06-20T21:59:02","guid":{"rendered":"https:\/\/intersim3.com\/?page_id=7267"},"modified":"2020-02-11T20:50:57","modified_gmt":"2020-02-11T19:50:57","slug":"eingesetzte-cookies","status":"publish","type":"page","link":"https:\/\/intersim3.com\/de\/datenschutz\/eingesetzte-cookies\/","title":{"rendered":"Eingesetzte Cookies"},"content":{"rendered":"[vc_row type=&#8221;in_container&#8221; full_screen_row_position=&#8221;middle&#8221; scene_position=&#8221;center&#8221; text_color=&#8221;dark&#8221; text_align=&#8221;left&#8221; overlay_strength=&#8221;0.3&#8243; shape_divider_position=&#8221;bottom&#8221; bg_image_animation=&#8221;none&#8221;][vc_column column_padding=&#8221;no-extra-padding&#8221; column_padding_position=&#8221;all&#8221; background_color_opacity=&#8221;1&#8243; background_hover_color_opacity=&#8221;1&#8243; column_link_target=&#8221;_self&#8221; column_shadow=&#8221;none&#8221; column_border_radius=&#8221;none&#8221; el_class=&#8221;list-styling-is3&#8243; width=&#8221;1\/4&#8243; tablet_width_inherit=&#8221;default&#8221; tablet_text_alignment=&#8221;default&#8221; phone_text_alignment=&#8221;default&#8221; column_border_width=&#8221;none&#8221; column_border_style=&#8221;solid&#8221; bg_image_animation=&#8221;none&#8221;][vc_wp_custommenu nav_menu=&#8221;126&#8243;][\/vc_column][vc_column column_padding=&#8221;no-extra-padding&#8221; column_padding_position=&#8221;all&#8221; background_color_opacity=&#8221;1&#8243; background_hover_color_opacity=&#8221;1&#8243; column_link_target=&#8221;_self&#8221; column_shadow=&#8221;none&#8221; column_border_radius=&#8221;none&#8221; width=&#8221;3\/4&#8243; tablet_width_inherit=&#8221;default&#8221; tablet_text_alignment=&#8221;default&#8221; phone_text_alignment=&#8221;default&#8221; column_border_width=&#8221;none&#8221; column_border_style=&#8221;solid&#8221; bg_image_animation=&#8221;none&#8221;][vc_column_text]\n<h1 class=\"eprHeader1 cookies\">\u00dcbersicht eingesetzter Cookies<\/h1>\n<p class=\"eprParagraph cookies\">Hier erfahren Sie, wie Sie der Verarbeitung Ihrer personenbezogenen Daten im Hinblick auf Cookies (Webtracking, etc.) im Einzelnen widersprechen und\/oder die L\u00f6schung der hierbei erhobenen personenbezogenen Daten (insbesondere die IP-Adresse) selbstst\u00e4ndig vornehmen k\u00f6nnen. Im \u00dcbrigen beachten Sie bitte unsere Hinweise zu Ihren Rechten in der <a href=\"https:\/\/intersim3.com\/de\/datenschutz\/\">www.intersim3.com\/datenschutz<\/a> sowie unseren <a href=\"https:\/\/intersim3.com\/de\/datenschutz\/fakten\/\">www.intersim3.com\/datenschutz\/fakten<\/a>.<\/p>\n<h2 class=\"eprHeader2 cookies\">Was sind Cookies und welche Kategorien von Cookies gibt es?<\/h2>\n<p class=\"eprParagraph cookies\">Abh\u00e4ngig von ihrer Funktion und ihrem Verwendungszweck k\u00f6nnen Cookies in vier Kategorien eingeteilt werden: Unbedingt erforderliche Cookies, Performance Cookies, Funktionale Cookies und Cookies f\u00fcr Marketingzwecke. Bitte beachten Sie, dass m\u00f6glicherweise nicht alle der hier aufgez\u00e4hlten Cookies Verwendung finden, wenn Sie unsere Website mit einem mobilen Endger\u00e4t aufrufen.<\/p>\n<h3 class=\"eprHeader3 cookies\">a) Notwendige Cookies<\/h3>\n<p class=\"eprParagraph cookies\">Hierbei handelt es sich um Cookies, die ben\u00f6tigt werden, damit Sie auf unseren Webseiten navigieren und die Basisfunktionen der Webseite bedienen k\u00f6nnen, wie zum Beispiel die Vergabe von anonymen Session-IDs zur B\u00fcndelung mehrerer zusammengeh\u00f6riger Abfragen an einen Server.<\/p>\n<h3 class=\"eprHeader3 cookies\">b) Performance-Cookies<\/h3>\n<p class=\"eprParagraph cookies\">Performance Cookies werden dazu verwendet, die Nutzerfreundlichkeit einer Webseite und damit das Nutzererlebnis zu verbessern. Performance Cookies sammeln Informationen \u00fcber die Nutzungsweise unserer Webseiten z.B. verwendeter Internet-Browser und Betriebssystem; Domain-Name der Webseite, von der Sie kamen, Anzahl der Besuche, durchschnittliche Verweilzeit, und aufgerufene Seiten. Diese Cookies speichern keine Informationen, die eine pers\u00f6nliche Identifikation des Nutzers zulassen. Die mit Hilfe der Cookies gesammelten Informationen sind aggregiert und daher anonym.<\/p>\n<h3 class=\"eprHeader3 cookies\">c) Analyse-Cookies<\/h3>\n<p class=\"eprParagraph\">Analyse-Cookies verwenden wir, um die die Nutzerfreundlichkeit unserer Webseite zu verbessern. Mit Analyse-Cookies k\u00f6nnen wir feststellen, wie unsere Website genutzt und z. B. anhand welcher Pr\u00e4ferenzen und Suchbegriffe aufgerufen wird.<\/p>\n<h3 class=\"eprHeader3 cookies\">d) Werbe-Cookies<\/h3>\n<p class=\"eprParagraph cookies\">Werbe-Cookies nutzen wir, um Ihnen gezielter relevante Inhalte anzubieten. Sie werden au\u00dferdem dazu verwendet, die Effektivit\u00e4t von Werbekampagnen zu messen und zu steuern. Marketing-Cookies registrieren, ob eine Webseite besucht wird und welche Inhalte genutzt werden. Diese Informationen k\u00f6nnen gegebenenfalls mit Dritten, wie z.B. Werbetreibenden, geteilt werden und werden oftmals mit Seitenfunktionalit\u00e4ten von Dritten verlinkt (Drittanbieter-Cookies).<\/p>\n<h3 class=\"eprHeader3 cookies\">e) Social-Media-Cookies<\/h3>\n<p class=\"eprParagraph cookies\">Social-Media-Cookies werden von sozialen Netzwerken gesetzt. Beispielsweise k\u00f6nnen sich \u00fcber die Login-Daten eines sozialen Netzwerks auf unserer Seite registrieren.<\/p>\n<h2 class=\"eprHeader2 cookies\">Wie kann ich Cookies l\u00f6schen oder Tracking abstellen?<\/h2>\n<p class=\"eprParagraph cookies\">Sie k\u00f6nnen \u00fcber Ihre Browsereinstellungen entweder einzelne Cookies l\u00f6schen oder den gesamten Cookie-Bestand entfernen. Unter &#8220;Hilfe&#8221; oder &#8220;Einstellungen&#8221; sollten Sie in Ihrem Browser Informationen \u00fcber die Verwaltung Ihrer Cookies finden.<\/p>\n<p class=\"eprParagraph cookies\">Dar\u00fcber hinaus erhalten Sie Informationen und Anleitungen, wie diese Cookies gel\u00f6scht oder deren Speicherung vorab blockiert werden k\u00f6nnen, je nach Anbieter Ihres Browsers, unter den nachfolgenden Links:<\/p>\n<p class=\"eprParagraph cookies\">Sie k\u00f6nnen \u00fcber Ihre Browsereinstellungen entweder einzelne Cookies l\u00f6schen oder den gesamten Cookie-Bestand entfernen. Unter &#8220;Hilfe&#8221; oder &#8220;Einstellungen&#8221; sollten Sie in Ihrem Browser Informationen \u00fcber die Verwaltung Ihrer Cookies finden. Dar\u00fcber hinaus erhalten Sie Informationen und Anleitungen, wie diese Cookies gel\u00f6scht oder deren Speicherung vorab blockiert werden k\u00f6nnen; je nach Anbieter Ihres Browsers, unter den nachfolgenden Links:<\/p>\n<ul class=\"eprUnorderedList cookies\">\n<li class=\"eprListItem cookies\"><a class=\"eprLink\" href=\"https:\/\/support.mozilla.org\/de\/kb\/cookies-loeschen-daten-von-websites-entfernen\">Mozilla Firefox: https:\/\/support.mozilla.org\/de\/kb\/cookies-loeschen-daten-von-websites-entfernen<\/a><\/li>\n<li class=\"eprListItem cookies\"><a class=\"eprLink\" href=\"https:\/\/support.microsoft.com\/de-de\/help\/17442\/windows-internet-explorer-delete-manage-cookies\">Internet Explorer: https:\/\/support.microsoft.com\/de-de\/help\/17442\/windows-internet-explorer-delete-manage-cookies<\/a><\/li>\n<li class=\"eprListItem cookies\"><a class=\"eprLink\" href=\"https:\/\/support.google.com\/accounts\/answer\/61416?hl=de\">Google Chrome: https:\/\/support.google.com\/accounts\/answer\/61416?hl=de<\/a><\/li>\n<li class=\"eprListItem cookies\"><a class=\"eprLink\" href=\"http:\/\/www.opera.com\/de\/help\">Opera: http:\/\/www.opera.com\/de\/help<\/a><\/li>\n<li class=\"eprListItem cookies\"><a class=\"eprLink\" href=\"https:\/\/support.apple.com\/kb\/PH17191?locale=de_DE&amp;viewlocale=de_DE\">Safari: https:\/\/support.apple.com\/kb\/PH17191?locale=de_DE&amp;viewlocale=de_DE<\/a><\/li>\n<\/ul>\n<p class=\"eprParagraph cookies\">Sie k\u00f6nnen auch die Cookies vieler Unternehmen und Funktionen einzeln verwalten, die f\u00fcr die Werbung eingesetzt werden. Verwenden Sie dazu die entsprechenden Nutzertools, die im Rahmen von Selbstregulierungsprogrammen in vielen L\u00e4ndern geschaffen wurden, z. B. die US-amerikanische Seite http:\/\/optout.aboutads.info\/ oder die EU-Seite Your Online Choices <a class=\"eprLink\" href=\"http:\/\/www.youronlinechoices.com\/\">http:\/\/www.youronlinechoices.com\/<\/a>.<\/p>\n<p class=\"eprParagraph cookies\">Die meisten Browser bieten zudem eine sog. &#8220;Do-Not-Track-Funktion&#8221; an, mit der Sie angeben k\u00f6nnen, dass Sie nicht von Websites &#8220;verfolgt&#8221; werden m\u00f6chten. Wenn diese Funktion aktiviert ist, teilt der jeweilige Browser Werbenetzwerken, Websites und Anwendungen mit, dass Sie nicht zwecks verhaltensbasierter Werbung und \u00c4hnlichem verfolgt werden m\u00f6chten. Informationen und Anleitungen, wie Sie diese Funktion bearbeiten k\u00f6nnen, erhalten Sie je nach Anbieter Ihres Browsers, unter den nachfolgenden Links:<\/p>\n<ul class=\"eprUnorderedList cookies\">\n<li class=\"eprListItem cookies\"><a class=\"eprLink\" href=\"https:\/\/www.mozilla.org\/de\/firefox\/dnt\/\">Mozilla Firefox: https:\/\/www.mozilla.org\/de\/firefox\/dnt\/<\/a><\/li>\n<li class=\"eprListItem cookies\"><a class=\"eprLink\" href=\"https:\/\/support.microsoft.com\/de-de\/help\/17288\/windows-internet-explorer-11-use-do-not-track\">Internet Explorer: https:\/\/support.microsoft.com\/de-de\/help\/17288\/windows-internet-explorer-11-use-do-not-track<\/a><\/li>\n<li class=\"eprListItem cookies\"><a class=\"eprLink\" href=\"https:\/\/support.google.com\/chrome\/answer\/2790761?co=GENIE.Platform%3DDesktop&amp;hl=de\">Google Chrome: https:\/\/support.google.com\/chrome\/answer\/2790761?co=GENIE.Platform%3DDesktop&amp;hl=de<\/a><\/li>\n<li class=\"eprListItem cookies\"><a class=\"eprLink\" href=\"http:\/\/help.opera.com\/Windows\/12.10\/de\/notrack.html\">Opera: http:\/\/help.opera.com\/Windows\/12.10\/de\/notrack.html<\/a><\/li>\n<li class=\"eprListItem cookies\"><a class=\"eprLink\" href=\"https:\/\/support.apple.com\/kb\/PH21416?locale=de_DE\">Safari: https:\/\/support.apple.com\/kb\/PH21416?locale=de_DE<\/a><\/li>\n<\/ul>\n<p class=\"eprParagraph cookies\">Weitergehende M\u00f6glichkeiten, wie Sie der Verarbeitung Ihrer personenbezogenen Daten (insbesondere der IP-Adresse) widersprechen k\u00f6nnen, entnehmen Sie bitte den jeweiligen nachfolgenden &#8220;Opt-Out&#8221;-Hinweisen.<\/p>\n<h2 class=\"eprHeader2 cookies\">Welche Cookies verwendet wir?<\/h2>\n<p class=\"eprParagraph cookies\">Beim Aufruf unserer Website werden im Zwischenspeicher Ihres Browsers folgende Cookies gespeichert.<\/p>\n<table class=\"eprTable cookies\">\n<tbody>\n<tr class=\"eprTableRow cookies\">\n<th class=\"eprTableHeader cookies\">Name des Anbieter<\/th>\n<th class=\"eprTableHeader cookies\">Name des Cookie<\/th>\n<th class=\"eprTableHeader cookies\">Zweck der Speicherung<\/th>\n<th class=\"eprTableHeader cookies\">Ablaufdatum<\/th>\n<th class=\"eprTableHeader cookies\">Kategorie<\/th>\n<\/tr>\n<tr class=\"eprTableRow cookies\">\n<td class=\"eprTableCell cookies\">Matomo (PIWIK)<\/td>\n<td class=\"eprTableCell cookies\">_pk_ref<\/td>\n<td class=\"eprTableCell cookies\">Dieser Cookie wird verwendet, um Informationen dar\u00fcber zu sammeln, wie die Besucher unsere Website nutzen. Wir verwenden die Informationen, um Berichte zu erstellen und uns dabei zu helfen, die Website zu verbessern. Die Cookies sammeln die Informationen auf anonyme Weise einschlie\u00dflich der Anzahl der Besucher der Website, von wo aus die Besucher zur Website gekommen sind, und der Websites, welche sie besucht haben<\/td>\n<td class=\"eprTableCell cookies\">6 Monate<\/td>\n<td class=\"eprTableCell cookies\">Analyse-Cookie<\/td>\n<\/tr>\n<tr class=\"eprTableRow cookies\">\n<td class=\"eprTableCell cookies\">Matomo (PIWIK)<\/td>\n<td class=\"eprTableCell cookies\">_pk_id<\/td>\n<td class=\"eprTableCell cookies\">Dieser Cookie wird verwendet, um Informationen dar\u00fcber zu sammeln, wie die Besucher unsere Website nutzen. Wir verwenden die Informationen, um Berichte zu erstellen und uns dabei zu helfen, die Website zu verbessern. Die Cookies sammeln die Informationen auf anonyme Weise einschlie\u00dflich der Anzahl der Besucher der Website, von wo aus die Besucher zur Website gekommen sind, und der Websites, welche sie besucht haben<\/td>\n<td class=\"eprTableCell cookies\">13 Monate<\/td>\n<td class=\"eprTableCell cookies\">Analyse-Cookie<\/td>\n<\/tr>\n<\/tbody>\n<\/table>\n<h2 class=\"eprHeader2 cookies\">Welche Rechte habe ich?<\/h2>\n<p class=\"eprParagraph\">Sie haben das Recht, jederzeit eine Best\u00e4tigung dar\u00fcber zu verlangen, ob wir personenbezogene Daten verarbeiten und das Recht auf Auskunft \u00fcber diese personenbezogenen Daten. Daneben steht Ihnen das Recht auf Berichtigung, L\u00f6schung und Einschr\u00e4nkung der Datenverarbeitung zu, sowie das Recht, jederzeit Widerspruch gegen die Verarbeitung der personenbezogenen Daten einzulegen, bzw. die Einwilligung zur Datenverarbeitung jederzeit zu widerrufen oder die Daten\u00fcbertragung zu fordern. Dar\u00fcber hinaus haben Sie das Recht, sich im Falle von Datenschutzverletzungen bei einer Aufsichtsbeh\u00f6rde zu beschweren.<\/p>\n[\/vc_column_text][\/vc_column][\/vc_row]\n","protected":false},"excerpt":{"rendered":"<p>[vc_row type=&#8221;in_container&#8221; full_screen_row_position=&#8221;middle&#8221; scene_position=&#8221;center&#8221; text_color=&#8221;dark&#8221; text_align=&#8221;left&#8221; overlay_strength=&#8221;0.3&#8243; shape_divider_position=&#8221;bottom&#8221; bg_image_animation=&#8221;none&#8221;][vc_column column_padding=&#8221;no-extra-padding&#8221; column_padding_position=&#8221;all&#8221; background_color_opacity=&#8221;1&#8243; background_hover_color_opacity=&#8221;1&#8243; column_link_target=&#8221;_self&#8221; column_shadow=&#8221;none&#8221; column_border_radius=&#8221;none&#8221; el_class=&#8221;list-styling-is3&#8243; width=&#8221;1\/4&#8243; tablet_width_inherit=&#8221;default&#8221; tablet_text_alignment=&#8221;default&#8221; phone_text_alignment=&#8221;default&#8221; column_border_width=&#8221;none&#8221; column_border_style=&#8221;solid&#8221; bg_image_animation=&#8221;none&#8221;][vc_wp_custommenu nav_menu=&#8221;126&#8243;][\/vc_column][vc_column column_padding=&#8221;no-extra-padding&#8221; column_padding_position=&#8221;all&#8221; background_color_opacity=&#8221;1&#8243; background_hover_color_opacity=&#8221;1&#8243; column_link_target=&#8221;_self&#8221;&#8230;<\/p>\n","protected":false},"author":4,"featured_media":0,"parent":3,"menu_order":0,"comment_status":"closed","ping_status":"closed","template":"","meta":{"footnotes":""},"class_list":["post-7267","page","type-page","status-publish"],"yoast_head":"<!-- This site is optimized with the Yoast SEO plugin v27.4 - https:\/\/yoast.com\/product\/yoast-seo-wordpress\/ -->\n<title>Eingesetzte Cookies - InterSim III<\/title>\n<meta name=\"robots\" content=\"index, follow, max-snippet:-1, max-image-preview:large, max-video-preview:-1\" \/>\n<link rel=\"canonical\" href=\"https:\/\/intersim3.com\/de\/datenschutz\/eingesetzte-cookies\/\" \/>\n<meta property=\"og:locale\" content=\"de_DE\" \/>\n<meta property=\"og:type\" content=\"article\" \/>\n<meta property=\"og:title\" content=\"Eingesetzte Cookies - InterSim III\" \/>\n<meta property=\"og:description\" content=\"[vc_row type=&#8221;in_container&#8221; full_screen_row_position=&#8221;middle&#8221; scene_position=&#8221;center&#8221; text_color=&#8221;dark&#8221; text_align=&#8221;left&#8221; overlay_strength=&#8221;0.3&#8243; shape_divider_position=&#8221;bottom&#8221; bg_image_animation=&#8221;none&#8221;][vc_column column_padding=&#8221;no-extra-padding&#8221; column_padding_position=&#8221;all&#8221; background_color_opacity=&#8221;1&#8243; background_hover_color_opacity=&#8221;1&#8243; column_link_target=&#8221;_self&#8221; column_shadow=&#8221;none&#8221; column_border_radius=&#8221;none&#8221; el_class=&#8221;list-styling-is3&#8243; width=&#8221;1\/4&#8243; tablet_width_inherit=&#8221;default&#8221; tablet_text_alignment=&#8221;default&#8221; phone_text_alignment=&#8221;default&#8221; column_border_width=&#8221;none&#8221; column_border_style=&#8221;solid&#8221; bg_image_animation=&#8221;none&#8221;][vc_wp_custommenu nav_menu=&#8221;126&#8243;][\/vc_column][vc_column column_padding=&#8221;no-extra-padding&#8221; column_padding_position=&#8221;all&#8221; background_color_opacity=&#8221;1&#8243; background_hover_color_opacity=&#8221;1&#8243; column_link_target=&#8221;_self&#8221;...\" \/>\n<meta property=\"og:url\" content=\"https:\/\/intersim3.com\/de\/datenschutz\/eingesetzte-cookies\/\" \/>\n<meta property=\"og:site_name\" content=\"InterSim III\" \/>\n<meta property=\"article:modified_time\" content=\"2020-02-11T19:50:57+00:00\" \/>\n<meta name=\"twitter:card\" content=\"summary_large_image\" \/>\n<meta name=\"twitter:label1\" content=\"Gesch\u00e4tzte Lesezeit\" \/>\n\t<meta name=\"twitter:data1\" content=\"6\u00a0Minuten\" \/>\n<script type=\"application\/ld+json\" class=\"yoast-schema-graph\">{\"@context\":\"https:\\\/\\\/schema.org\",\"@graph\":[{\"@type\":\"WebPage\",\"@id\":\"https:\\\/\\\/intersim3.com\\\/de\\\/datenschutz\\\/eingesetzte-cookies\\\/\",\"url\":\"https:\\\/\\\/intersim3.com\\\/de\\\/datenschutz\\\/eingesetzte-cookies\\\/\",\"name\":\"Eingesetzte Cookies - InterSim III\",\"isPartOf\":{\"@id\":\"https:\\\/\\\/intersim3.com\\\/#website\"},\"datePublished\":\"2019-06-20T21:59:02+00:00\",\"dateModified\":\"2020-02-11T19:50:57+00:00\",\"breadcrumb\":{\"@id\":\"https:\\\/\\\/intersim3.com\\\/de\\\/datenschutz\\\/eingesetzte-cookies\\\/#breadcrumb\"},\"inLanguage\":\"de\",\"potentialAction\":[{\"@type\":\"ReadAction\",\"target\":[\"https:\\\/\\\/intersim3.com\\\/de\\\/datenschutz\\\/eingesetzte-cookies\\\/\"]}]},{\"@type\":\"BreadcrumbList\",\"@id\":\"https:\\\/\\\/intersim3.com\\\/de\\\/datenschutz\\\/eingesetzte-cookies\\\/#breadcrumb\",\"itemListElement\":[{\"@type\":\"ListItem\",\"position\":1,\"name\":\"Startseite\",\"item\":\"https:\\\/\\\/intersim3.com\\\/de\\\/\"},{\"@type\":\"ListItem\",\"position\":2,\"name\":\"Datenschutzerkl\u00e4rung\",\"item\":\"https:\\\/\\\/intersim3.com\\\/de\\\/datenschutz\\\/\"},{\"@type\":\"ListItem\",\"position\":3,\"name\":\"Eingesetzte Cookies\"}]},{\"@type\":\"WebSite\",\"@id\":\"https:\\\/\\\/intersim3.com\\\/#website\",\"url\":\"https:\\\/\\\/intersim3.com\\\/\",\"name\":\"InterSim III\",\"description\":\"Simuliert. Demonstriert. \u00dcberzeugt.\",\"publisher\":{\"@id\":\"https:\\\/\\\/intersim3.com\\\/#organization\"},\"potentialAction\":[{\"@type\":\"SearchAction\",\"target\":{\"@type\":\"EntryPoint\",\"urlTemplate\":\"https:\\\/\\\/intersim3.com\\\/?s={search_term_string}\"},\"query-input\":{\"@type\":\"PropertyValueSpecification\",\"valueRequired\":true,\"valueName\":\"search_term_string\"}}],\"inLanguage\":\"de\"},{\"@type\":\"Organization\",\"@id\":\"https:\\\/\\\/intersim3.com\\\/#organization\",\"name\":\"Ingenieurb\u00fcro Lang\",\"url\":\"https:\\\/\\\/intersim3.com\\\/\",\"logo\":{\"@type\":\"ImageObject\",\"inLanguage\":\"de\",\"@id\":\"https:\\\/\\\/intersim3.com\\\/#\\\/schema\\\/logo\\\/image\\\/\",\"url\":\"https:\\\/\\\/intersim3.com\\\/wp-content\\\/uploads\\\/_pda\\\/2020\\\/09\\\/Logo_IBL_invers-1.png\",\"contentUrl\":\"https:\\\/\\\/intersim3.com\\\/wp-content\\\/uploads\\\/_pda\\\/2020\\\/09\\\/Logo_IBL_invers-1.png\",\"width\":100,\"height\":100,\"caption\":\"Ingenieurb\u00fcro Lang\"},\"image\":{\"@id\":\"https:\\\/\\\/intersim3.com\\\/#\\\/schema\\\/logo\\\/image\\\/\"}}]}<\/script>\n<!-- \/ Yoast SEO plugin. -->","yoast_head_json":{"title":"Eingesetzte Cookies - InterSim III","robots":{"index":"index","follow":"follow","max-snippet":"max-snippet:-1","max-image-preview":"max-image-preview:large","max-video-preview":"max-video-preview:-1"},"canonical":"https:\/\/intersim3.com\/de\/datenschutz\/eingesetzte-cookies\/","og_locale":"de_DE","og_type":"article","og_title":"Eingesetzte Cookies - InterSim III","og_description":"[vc_row type=&#8221;in_container&#8221; full_screen_row_position=&#8221;middle&#8221; scene_position=&#8221;center&#8221; text_color=&#8221;dark&#8221; text_align=&#8221;left&#8221; overlay_strength=&#8221;0.3&#8243; shape_divider_position=&#8221;bottom&#8221; bg_image_animation=&#8221;none&#8221;][vc_column column_padding=&#8221;no-extra-padding&#8221; column_padding_position=&#8221;all&#8221; background_color_opacity=&#8221;1&#8243; background_hover_color_opacity=&#8221;1&#8243; column_link_target=&#8221;_self&#8221; column_shadow=&#8221;none&#8221; column_border_radius=&#8221;none&#8221; el_class=&#8221;list-styling-is3&#8243; width=&#8221;1\/4&#8243; tablet_width_inherit=&#8221;default&#8221; tablet_text_alignment=&#8221;default&#8221; phone_text_alignment=&#8221;default&#8221; column_border_width=&#8221;none&#8221; column_border_style=&#8221;solid&#8221; bg_image_animation=&#8221;none&#8221;][vc_wp_custommenu nav_menu=&#8221;126&#8243;][\/vc_column][vc_column column_padding=&#8221;no-extra-padding&#8221; column_padding_position=&#8221;all&#8221; background_color_opacity=&#8221;1&#8243; background_hover_color_opacity=&#8221;1&#8243; column_link_target=&#8221;_self&#8221;...","og_url":"https:\/\/intersim3.com\/de\/datenschutz\/eingesetzte-cookies\/","og_site_name":"InterSim III","article_modified_time":"2020-02-11T19:50:57+00:00","twitter_card":"summary_large_image","twitter_misc":{"Gesch\u00e4tzte Lesezeit":"6\u00a0Minuten"},"schema":{"@context":"https:\/\/schema.org","@graph":[{"@type":"WebPage","@id":"https:\/\/intersim3.com\/de\/datenschutz\/eingesetzte-cookies\/","url":"https:\/\/intersim3.com\/de\/datenschutz\/eingesetzte-cookies\/","name":"Eingesetzte Cookies - InterSim III","isPartOf":{"@id":"https:\/\/intersim3.com\/#website"},"datePublished":"2019-06-20T21:59:02+00:00","dateModified":"2020-02-11T19:50:57+00:00","breadcrumb":{"@id":"https:\/\/intersim3.com\/de\/datenschutz\/eingesetzte-cookies\/#breadcrumb"},"inLanguage":"de","potentialAction":[{"@type":"ReadAction","target":["https:\/\/intersim3.com\/de\/datenschutz\/eingesetzte-cookies\/"]}]},{"@type":"BreadcrumbList","@id":"https:\/\/intersim3.com\/de\/datenschutz\/eingesetzte-cookies\/#breadcrumb","itemListElement":[{"@type":"ListItem","position":1,"name":"Startseite","item":"https:\/\/intersim3.com\/de\/"},{"@type":"ListItem","position":2,"name":"Datenschutzerkl\u00e4rung","item":"https:\/\/intersim3.com\/de\/datenschutz\/"},{"@type":"ListItem","position":3,"name":"Eingesetzte Cookies"}]},{"@type":"WebSite","@id":"https:\/\/intersim3.com\/#website","url":"https:\/\/intersim3.com\/","name":"InterSim III","description":"Simuliert. Demonstriert. \u00dcberzeugt.","publisher":{"@id":"https:\/\/intersim3.com\/#organization"},"potentialAction":[{"@type":"SearchAction","target":{"@type":"EntryPoint","urlTemplate":"https:\/\/intersim3.com\/?s={search_term_string}"},"query-input":{"@type":"PropertyValueSpecification","valueRequired":true,"valueName":"search_term_string"}}],"inLanguage":"de"},{"@type":"Organization","@id":"https:\/\/intersim3.com\/#organization","name":"Ingenieurb\u00fcro Lang","url":"https:\/\/intersim3.com\/","logo":{"@type":"ImageObject","inLanguage":"de","@id":"https:\/\/intersim3.com\/#\/schema\/logo\/image\/","url":"https:\/\/intersim3.com\/wp-content\/uploads\/_pda\/2020\/09\/Logo_IBL_invers-1.png","contentUrl":"https:\/\/intersim3.com\/wp-content\/uploads\/_pda\/2020\/09\/Logo_IBL_invers-1.png","width":100,"height":100,"caption":"Ingenieurb\u00fcro Lang"},"image":{"@id":"https:\/\/intersim3.com\/#\/schema\/logo\/image\/"}}]}},"_links":{"self":[{"href":"https:\/\/intersim3.com\/de\/wp-json\/wp\/v2\/pages\/7267","targetHints":{"allow":["GET"]}}],"collection":[{"href":"https:\/\/intersim3.com\/de\/wp-json\/wp\/v2\/pages"}],"about":[{"href":"https:\/\/intersim3.com\/de\/wp-json\/wp\/v2\/types\/page"}],"author":[{"embeddable":true,"href":"https:\/\/intersim3.com\/de\/wp-json\/wp\/v2\/users\/4"}],"replies":[{"embeddable":true,"href":"https:\/\/intersim3.com\/de\/wp-json\/wp\/v2\/comments?post=7267"}],"version-history":[{"count":0,"href":"https:\/\/intersim3.com\/de\/wp-json\/wp\/v2\/pages\/7267\/revisions"}],"up":[{"embeddable":true,"href":"https:\/\/intersim3.com\/de\/wp-json\/wp\/v2\/pages\/3"}],"wp:attachment":[{"href":"https:\/\/intersim3.com\/de\/wp-json\/wp\/v2\/media?parent=7267"}],"curies":[{"name":"wp","href":"https:\/\/api.w.org\/{rel}","templated":true}]}}