{"id":6996,"date":"2019-06-06T11:06:56","date_gmt":"2019-06-06T11:06:56","guid":{"rendered":"https:\/\/intersim3.com\/?page_id=6996"},"modified":"2020-02-10T15:54:11","modified_gmt":"2020-02-10T14:54:11","slug":"ueber-intersim","status":"publish","type":"page","link":"https:\/\/intersim3.com\/de\/ueber-intersim\/","title":{"rendered":"\u00dcber InterSim"},"content":{"rendered":"[vc_row type=&#8221;full_width_background&#8221; full_screen_row_position=&#8221;middle&#8221; bg_image=&#8221;7979&#8243; bg_position=&#8221;center top&#8221; bg_repeat=&#8221;no-repeat&#8221; full_height=&#8221;yes&#8221; columns_placement=&#8221;bottom&#8221; bg_color=&#8221;#cbcbc3&#8243; scene_position=&#8221;center&#8221; text_color=&#8221;light&#8221; text_align=&#8221;left&#8221; top_padding=&#8221;4%&#8221; bottom_padding=&#8221;4%&#8221; id=&#8221;produkt&#8221; enable_gradient=&#8221;true&#8221; color_overlay_2=&#8221;#151519&#8243; gradient_direction=&#8221;top_to_bottom&#8221; overlay_strength=&#8221;1&#8243; shape_divider_position=&#8221;bottom&#8221; bg_image_animation=&#8221;none&#8221; shape_type=&#8221;&#8221;][vc_column column_padding=&#8221;no-extra-padding&#8221; column_padding_position=&#8221;all&#8221; background_color_opacity=&#8221;1&#8243; background_hover_color_opacity=&#8221;1&#8243; column_link_target=&#8221;_self&#8221; column_shadow=&#8221;none&#8221; column_border_radius=&#8221;none&#8221; width=&#8221;1\/2&#8243; tablet_width_inherit=&#8221;default&#8221; tablet_text_alignment=&#8221;default&#8221; phone_text_alignment=&#8221;default&#8221; column_border_width=&#8221;none&#8221; column_border_style=&#8221;solid&#8221; bg_image_animation=&#8221;none&#8221;][vc_row_inner column_margin=&#8221;default&#8221; top_padding=&#8221;65%&#8221; text_align=&#8221;left&#8221;][vc_column_inner column_padding=&#8221;no-extra-padding&#8221; column_padding_position=&#8221;all&#8221; background_color_opacity=&#8221;1&#8243; background_hover_color_opacity=&#8221;1&#8243; column_shadow=&#8221;none&#8221; column_border_radius=&#8221;none&#8221; column_link_target=&#8221;_self&#8221; width=&#8221;1\/1&#8243; tablet_width_inherit=&#8221;default&#8221; column_border_width=&#8221;none&#8221; column_border_style=&#8221;solid&#8221; bg_image_animation=&#8221;none&#8221;][\/vc_column_inner][\/vc_row_inner][vc_row_inner column_margin=&#8221;default&#8221; text_align=&#8221;left&#8221;][vc_column_inner column_padding=&#8221;no-extra-padding&#8221; column_padding_position=&#8221;all&#8221; background_color_opacity=&#8221;1&#8243; background_hover_color_opacity=&#8221;1&#8243; column_shadow=&#8221;none&#8221; column_border_radius=&#8221;none&#8221; column_link_target=&#8221;_self&#8221; width=&#8221;1\/1&#8243; tablet_width_inherit=&#8221;default&#8221; column_border_width=&#8221;none&#8221; column_border_style=&#8221;solid&#8221; bg_image_animation=&#8221;none&#8221; enable_animation=&#8221;true&#8221; animation=&#8221;fade-in-from-bottom&#8221;][vc_column_text]\n<p style=\"text-align: justify;\">Als \u201eInteraktiver Herzsimulator\u201c verfolgt InterSim seit seiner Erstvorstellung 1994 das Ziel, die Funktionalit\u00e4t moderner Schrittmacher und ICDs zu demonstrieren. In Verbindung mit der dazugeh\u00f6rigen Adapterbox bildet InterSim III den nat\u00fcrlichen Herzrhythmus realit\u00e4tsgetreu ab. Durch die M\u00f6glichkeit der Simulation therapierelevanter St\u00f6rungen ist er der optimale Begleiter in Trainingssituationen oder im Verkauf.<\/p>\n[\/vc_column_text][\/vc_column_inner][\/vc_row_inner][\/vc_column][vc_column column_padding=&#8221;no-extra-padding&#8221; column_padding_position=&#8221;all&#8221; background_color_opacity=&#8221;1&#8243; background_hover_color_opacity=&#8221;1&#8243; column_link_target=&#8221;_self&#8221; column_shadow=&#8221;none&#8221; column_border_radius=&#8221;none&#8221; width=&#8221;1\/2&#8243; tablet_width_inherit=&#8221;default&#8221; tablet_text_alignment=&#8221;default&#8221; phone_text_alignment=&#8221;default&#8221; column_border_width=&#8221;none&#8221; column_border_style=&#8221;solid&#8221; bg_image_animation=&#8221;none&#8221;][\/vc_column][\/vc_row][vc_row type=&#8221;full_width_content&#8221; full_screen_row_position=&#8221;middle&#8221; equal_height=&#8221;yes&#8221; content_placement=&#8221;middle&#8221; bg_color=&#8221;#232323&#8243; scene_position=&#8221;center&#8221; text_color=&#8221;dark&#8221; text_align=&#8221;left&#8221; id=&#8221;is4-df4&#8243; overlay_strength=&#8221;0.3&#8243; shape_divider_position=&#8221;bottom&#8221; bg_image_animation=&#8221;none&#8221; shape_type=&#8221;&#8221;][vc_column column_padding=&#8221;padding-10-percent&#8221; column_padding_position=&#8221;all&#8221; background_color=&#8221;#f4f4f4&#8243; background_color_opacity=&#8221;1&#8243; background_hover_color_opacity=&#8221;1&#8243; column_link_target=&#8221;_self&#8221; column_shadow=&#8221;none&#8221; column_border_radius=&#8221;none&#8221; width=&#8221;1\/2&#8243; tablet_width_inherit=&#8221;default&#8221; tablet_text_alignment=&#8221;default&#8221; phone_text_alignment=&#8221;default&#8221; column_border_width=&#8221;none&#8221; column_border_style=&#8221;solid&#8221; bg_image_animation=&#8221;none&#8221;][vc_row_inner column_margin=&#8221;default&#8221; text_align=&#8221;left&#8221;][vc_column_inner column_padding=&#8221;no-extra-padding&#8221; column_padding_position=&#8221;all&#8221; background_color_opacity=&#8221;1&#8243; background_hover_color_opacity=&#8221;1&#8243; column_shadow=&#8221;none&#8221; column_border_radius=&#8221;none&#8221; column_link_target=&#8221;_self&#8221; width=&#8221;1\/1&#8243; tablet_width_inherit=&#8221;default&#8221; column_border_width=&#8221;none&#8221; column_border_style=&#8221;solid&#8221; bg_image_animation=&#8221;none&#8221; enable_animation=&#8221;true&#8221; animation=&#8221;fade-in-from-bottom&#8221;][vc_custom_heading text=&#8221;Vielseitige Verbindungen. Vielf\u00e4ltige Simulationen.&#8221; font_container=&#8221;tag:h2|font_size:40|text_align:left|line_height:50px&#8221; use_theme_fonts=&#8221;yes&#8221;][vc_column_text]Dank der vielseitigen Anschlussm\u00f6glichkeiten unterst\u00fctzt InterSim III alle g\u00e4ngigen Standards implantierbarer Schrittmacher und Defibrillatoren. Dazu geh\u00f6ren nicht nur die klassischen Elektrodenstandards IS-1 und DF-1, sondern auch die neueren Schnittstellen IS-4 und DF-4, die bei aktuellen Implantaten zunehmend zum Einsatz kommen.<\/p>\n<p>Mit der vollst\u00e4ndigen Unterst\u00fctzung des IS-4-Standards lassen sich f\u00fcr alle Vektoren Impedanzen, Schwellspannungen sowie Verz\u00f6gerungszeiten separat einstellen. Zudem lassen sich Elektrodendefekte, EMI und eine Phrenic-Nerve-Reizung simulieren. Die Unterst\u00fctzung des DF-4-Standards erlaubt die einschr\u00e4nkungsfreie Wahl des Schock-Vektors. Die Hardware ist dabei ausgelegt f\u00fcr 80 J (bzw. 1500 V). Auf beiden Schock-Elektroden ist ein Fernfeld-EGM verf\u00fcgbar. Die Simulation eines Elektrodenbruchs ist f\u00fcr die RV-Coil-Elektrode ebenfalls m\u00f6glich.<span class=\"Apple-converted-space\">\u00a0<\/span>[\/vc_column_text][\/vc_column_inner][\/vc_row_inner][\/vc_column][vc_column column_padding=&#8221;no-extra-padding&#8221; column_padding_position=&#8221;all&#8221; background_color_opacity=&#8221;1&#8243; background_hover_color_opacity=&#8221;1&#8243; background_image=&#8221;7996&#8243; enable_bg_scale=&#8221;true&#8221; column_link_target=&#8221;_self&#8221; column_shadow=&#8221;none&#8221; column_border_radius=&#8221;none&#8221; width=&#8221;1\/2&#8243; tablet_width_inherit=&#8221;default&#8221; tablet_text_alignment=&#8221;default&#8221; phone_text_alignment=&#8221;default&#8221; column_border_width=&#8221;none&#8221; column_border_style=&#8221;solid&#8221; bg_image_animation=&#8221;none&#8221;][\/vc_column][\/vc_row]\n","protected":false},"excerpt":{"rendered":"<p>[vc_row type=&#8221;full_width_background&#8221; full_screen_row_position=&#8221;middle&#8221; bg_image=&#8221;7979&#8243; bg_position=&#8221;center top&#8221; bg_repeat=&#8221;no-repeat&#8221; full_height=&#8221;yes&#8221; columns_placement=&#8221;bottom&#8221; bg_color=&#8221;#cbcbc3&#8243; scene_position=&#8221;center&#8221; text_color=&#8221;light&#8221; text_align=&#8221;left&#8221; top_padding=&#8221;4%&#8221; bottom_padding=&#8221;4%&#8221; id=&#8221;produkt&#8221; enable_gradient=&#8221;true&#8221; color_overlay_2=&#8221;#151519&#8243; gradient_direction=&#8221;top_to_bottom&#8221; overlay_strength=&#8221;1&#8243; shape_divider_position=&#8221;bottom&#8221; bg_image_animation=&#8221;none&#8221; shape_type=&#8221;&#8221;][vc_column column_padding=&#8221;no-extra-padding&#8221; column_padding_position=&#8221;all&#8221; background_color_opacity=&#8221;1&#8243; background_hover_color_opacity=&#8221;1&#8243; column_link_target=&#8221;_self&#8221; column_shadow=&#8221;none&#8221; column_border_radius=&#8221;none&#8221;&#8230;<\/p>\n","protected":false},"author":4,"featured_media":0,"parent":0,"menu_order":0,"comment_status":"closed","ping_status":"closed","template":"","meta":{"footnotes":""},"class_list":["post-6996","page","type-page","status-publish"],"yoast_head":"<!-- This site is optimized with the Yoast SEO plugin v27.3 - https:\/\/yoast.com\/product\/yoast-seo-wordpress\/ -->\n<title>\u00dcber InterSim - InterSim III<\/title>\n<meta name=\"robots\" content=\"index, follow, max-snippet:-1, max-image-preview:large, max-video-preview:-1\" \/>\n<link rel=\"canonical\" href=\"https:\/\/intersim3.com\/de\/ueber-intersim\/\" \/>\n<meta property=\"og:locale\" content=\"de_DE\" \/>\n<meta property=\"og:type\" content=\"article\" \/>\n<meta property=\"og:title\" content=\"\u00dcber InterSim - InterSim III\" \/>\n<meta property=\"og:description\" content=\"[vc_row type=&#8221;full_width_background&#8221; full_screen_row_position=&#8221;middle&#8221; bg_image=&#8221;7979&#8243; bg_position=&#8221;center top&#8221; bg_repeat=&#8221;no-repeat&#8221; full_height=&#8221;yes&#8221; columns_placement=&#8221;bottom&#8221; bg_color=&#8221;#cbcbc3&#8243; scene_position=&#8221;center&#8221; text_color=&#8221;light&#8221; text_align=&#8221;left&#8221; top_padding=&#8221;4%&#8221; bottom_padding=&#8221;4%&#8221; id=&#8221;produkt&#8221; enable_gradient=&#8221;true&#8221; color_overlay_2=&#8221;#151519&#8243; gradient_direction=&#8221;top_to_bottom&#8221; overlay_strength=&#8221;1&#8243; shape_divider_position=&#8221;bottom&#8221; bg_image_animation=&#8221;none&#8221; shape_type=&#8221;&#8221;][vc_column column_padding=&#8221;no-extra-padding&#8221; column_padding_position=&#8221;all&#8221; background_color_opacity=&#8221;1&#8243; background_hover_color_opacity=&#8221;1&#8243; column_link_target=&#8221;_self&#8221; column_shadow=&#8221;none&#8221; column_border_radius=&#8221;none&#8221;...\" \/>\n<meta property=\"og:url\" content=\"https:\/\/intersim3.com\/de\/ueber-intersim\/\" \/>\n<meta property=\"og:site_name\" content=\"InterSim III\" \/>\n<meta property=\"article:modified_time\" content=\"2020-02-10T14:54:11+00:00\" \/>\n<meta name=\"twitter:card\" content=\"summary_large_image\" \/>\n<meta name=\"twitter:label1\" content=\"Gesch\u00e4tzte Lesezeit\" \/>\n\t<meta name=\"twitter:data1\" content=\"4\u00a0Minuten\" \/>\n<script type=\"application\/ld+json\" class=\"yoast-schema-graph\">{\"@context\":\"https:\\\/\\\/schema.org\",\"@graph\":[{\"@type\":\"WebPage\",\"@id\":\"https:\\\/\\\/intersim3.com\\\/de\\\/ueber-intersim\\\/\",\"url\":\"https:\\\/\\\/intersim3.com\\\/de\\\/ueber-intersim\\\/\",\"name\":\"\u00dcber InterSim - InterSim III\",\"isPartOf\":{\"@id\":\"https:\\\/\\\/intersim3.com\\\/#website\"},\"datePublished\":\"2019-06-06T11:06:56+00:00\",\"dateModified\":\"2020-02-10T14:54:11+00:00\",\"breadcrumb\":{\"@id\":\"https:\\\/\\\/intersim3.com\\\/de\\\/ueber-intersim\\\/#breadcrumb\"},\"inLanguage\":\"de\",\"potentialAction\":[{\"@type\":\"ReadAction\",\"target\":[\"https:\\\/\\\/intersim3.com\\\/de\\\/ueber-intersim\\\/\"]}]},{\"@type\":\"BreadcrumbList\",\"@id\":\"https:\\\/\\\/intersim3.com\\\/de\\\/ueber-intersim\\\/#breadcrumb\",\"itemListElement\":[{\"@type\":\"ListItem\",\"position\":1,\"name\":\"Startseite\",\"item\":\"https:\\\/\\\/intersim3.com\\\/de\\\/\"},{\"@type\":\"ListItem\",\"position\":2,\"name\":\"\u00dcber InterSim\"}]},{\"@type\":\"WebSite\",\"@id\":\"https:\\\/\\\/intersim3.com\\\/#website\",\"url\":\"https:\\\/\\\/intersim3.com\\\/\",\"name\":\"InterSim III\",\"description\":\"Simuliert. Demonstriert. \u00dcberzeugt.\",\"publisher\":{\"@id\":\"https:\\\/\\\/intersim3.com\\\/#organization\"},\"potentialAction\":[{\"@type\":\"SearchAction\",\"target\":{\"@type\":\"EntryPoint\",\"urlTemplate\":\"https:\\\/\\\/intersim3.com\\\/?s={search_term_string}\"},\"query-input\":{\"@type\":\"PropertyValueSpecification\",\"valueRequired\":true,\"valueName\":\"search_term_string\"}}],\"inLanguage\":\"de\"},{\"@type\":\"Organization\",\"@id\":\"https:\\\/\\\/intersim3.com\\\/#organization\",\"name\":\"Ingenieurb\u00fcro Lang\",\"url\":\"https:\\\/\\\/intersim3.com\\\/\",\"logo\":{\"@type\":\"ImageObject\",\"inLanguage\":\"de\",\"@id\":\"https:\\\/\\\/intersim3.com\\\/#\\\/schema\\\/logo\\\/image\\\/\",\"url\":\"https:\\\/\\\/intersim3.com\\\/wp-content\\\/uploads\\\/_pda\\\/2020\\\/09\\\/Logo_IBL_invers-1.png\",\"contentUrl\":\"https:\\\/\\\/intersim3.com\\\/wp-content\\\/uploads\\\/_pda\\\/2020\\\/09\\\/Logo_IBL_invers-1.png\",\"width\":100,\"height\":100,\"caption\":\"Ingenieurb\u00fcro Lang\"},\"image\":{\"@id\":\"https:\\\/\\\/intersim3.com\\\/#\\\/schema\\\/logo\\\/image\\\/\"}}]}<\/script>\n<!-- \/ Yoast SEO plugin. -->","yoast_head_json":{"title":"\u00dcber InterSim - InterSim III","robots":{"index":"index","follow":"follow","max-snippet":"max-snippet:-1","max-image-preview":"max-image-preview:large","max-video-preview":"max-video-preview:-1"},"canonical":"https:\/\/intersim3.com\/de\/ueber-intersim\/","og_locale":"de_DE","og_type":"article","og_title":"\u00dcber InterSim - InterSim III","og_description":"[vc_row type=&#8221;full_width_background&#8221; full_screen_row_position=&#8221;middle&#8221; bg_image=&#8221;7979&#8243; bg_position=&#8221;center top&#8221; bg_repeat=&#8221;no-repeat&#8221; full_height=&#8221;yes&#8221; columns_placement=&#8221;bottom&#8221; bg_color=&#8221;#cbcbc3&#8243; scene_position=&#8221;center&#8221; text_color=&#8221;light&#8221; text_align=&#8221;left&#8221; top_padding=&#8221;4%&#8221; bottom_padding=&#8221;4%&#8221; id=&#8221;produkt&#8221; enable_gradient=&#8221;true&#8221; color_overlay_2=&#8221;#151519&#8243; gradient_direction=&#8221;top_to_bottom&#8221; overlay_strength=&#8221;1&#8243; shape_divider_position=&#8221;bottom&#8221; bg_image_animation=&#8221;none&#8221; shape_type=&#8221;&#8221;][vc_column column_padding=&#8221;no-extra-padding&#8221; column_padding_position=&#8221;all&#8221; background_color_opacity=&#8221;1&#8243; background_hover_color_opacity=&#8221;1&#8243; column_link_target=&#8221;_self&#8221; column_shadow=&#8221;none&#8221; column_border_radius=&#8221;none&#8221;...","og_url":"https:\/\/intersim3.com\/de\/ueber-intersim\/","og_site_name":"InterSim III","article_modified_time":"2020-02-10T14:54:11+00:00","twitter_card":"summary_large_image","twitter_misc":{"Gesch\u00e4tzte Lesezeit":"4\u00a0Minuten"},"schema":{"@context":"https:\/\/schema.org","@graph":[{"@type":"WebPage","@id":"https:\/\/intersim3.com\/de\/ueber-intersim\/","url":"https:\/\/intersim3.com\/de\/ueber-intersim\/","name":"\u00dcber InterSim - InterSim III","isPartOf":{"@id":"https:\/\/intersim3.com\/#website"},"datePublished":"2019-06-06T11:06:56+00:00","dateModified":"2020-02-10T14:54:11+00:00","breadcrumb":{"@id":"https:\/\/intersim3.com\/de\/ueber-intersim\/#breadcrumb"},"inLanguage":"de","potentialAction":[{"@type":"ReadAction","target":["https:\/\/intersim3.com\/de\/ueber-intersim\/"]}]},{"@type":"BreadcrumbList","@id":"https:\/\/intersim3.com\/de\/ueber-intersim\/#breadcrumb","itemListElement":[{"@type":"ListItem","position":1,"name":"Startseite","item":"https:\/\/intersim3.com\/de\/"},{"@type":"ListItem","position":2,"name":"\u00dcber InterSim"}]},{"@type":"WebSite","@id":"https:\/\/intersim3.com\/#website","url":"https:\/\/intersim3.com\/","name":"InterSim III","description":"Simuliert. Demonstriert. \u00dcberzeugt.","publisher":{"@id":"https:\/\/intersim3.com\/#organization"},"potentialAction":[{"@type":"SearchAction","target":{"@type":"EntryPoint","urlTemplate":"https:\/\/intersim3.com\/?s={search_term_string}"},"query-input":{"@type":"PropertyValueSpecification","valueRequired":true,"valueName":"search_term_string"}}],"inLanguage":"de"},{"@type":"Organization","@id":"https:\/\/intersim3.com\/#organization","name":"Ingenieurb\u00fcro Lang","url":"https:\/\/intersim3.com\/","logo":{"@type":"ImageObject","inLanguage":"de","@id":"https:\/\/intersim3.com\/#\/schema\/logo\/image\/","url":"https:\/\/intersim3.com\/wp-content\/uploads\/_pda\/2020\/09\/Logo_IBL_invers-1.png","contentUrl":"https:\/\/intersim3.com\/wp-content\/uploads\/_pda\/2020\/09\/Logo_IBL_invers-1.png","width":100,"height":100,"caption":"Ingenieurb\u00fcro Lang"},"image":{"@id":"https:\/\/intersim3.com\/#\/schema\/logo\/image\/"}}]}},"_links":{"self":[{"href":"https:\/\/intersim3.com\/de\/wp-json\/wp\/v2\/pages\/6996","targetHints":{"allow":["GET"]}}],"collection":[{"href":"https:\/\/intersim3.com\/de\/wp-json\/wp\/v2\/pages"}],"about":[{"href":"https:\/\/intersim3.com\/de\/wp-json\/wp\/v2\/types\/page"}],"author":[{"embeddable":true,"href":"https:\/\/intersim3.com\/de\/wp-json\/wp\/v2\/users\/4"}],"replies":[{"embeddable":true,"href":"https:\/\/intersim3.com\/de\/wp-json\/wp\/v2\/comments?post=6996"}],"version-history":[{"count":0,"href":"https:\/\/intersim3.com\/de\/wp-json\/wp\/v2\/pages\/6996\/revisions"}],"wp:attachment":[{"href":"https:\/\/intersim3.com\/de\/wp-json\/wp\/v2\/media?parent=6996"}],"curies":[{"name":"wp","href":"https:\/\/api.w.org\/{rel}","templated":true}]}}