{"id":6412,"date":"2019-05-15T08:01:39","date_gmt":"2019-05-15T08:01:39","guid":{"rendered":"https:\/\/intersim3.com\/?page_id=6412"},"modified":"2020-02-19T16:56:40","modified_gmt":"2020-02-19T15:56:40","slug":"intersim-iii-klassenraum-version","status":"publish","type":"page","link":"https:\/\/intersim3.com\/de\/produkte\/intersim-iii-klassenraum-version\/","title":{"rendered":"InterSim III Klassenraum-Version"},"content":{"rendered":"[vc_row type=&#8221;full_width_background&#8221; full_screen_row_position=&#8221;middle&#8221; bg_image=&#8221;8012&#8243; bg_position=&#8221;center top&#8221; bg_repeat=&#8221;no-repeat&#8221; bg_color=&#8221;#cbcbc3&#8243; scene_position=&#8221;center&#8221; text_color=&#8221;light&#8221; text_align=&#8221;left&#8221; top_padding=&#8221;4%&#8221; bottom_padding=&#8221;4%&#8221; id=&#8221;produkt&#8221; enable_gradient=&#8221;true&#8221; color_overlay_2=&#8221;#151519&#8243; gradient_direction=&#8221;top_to_bottom&#8221; overlay_strength=&#8221;1&#8243; shape_divider_position=&#8221;bottom&#8221; bg_image_animation=&#8221;none&#8221; shape_type=&#8221;&#8221;][vc_column column_padding=&#8221;no-extra-padding&#8221; column_padding_position=&#8221;all&#8221; background_color_opacity=&#8221;1&#8243; background_hover_color_opacity=&#8221;1&#8243; column_link_target=&#8221;_self&#8221; column_shadow=&#8221;none&#8221; column_border_radius=&#8221;none&#8221; width=&#8221;1\/2&#8243; tablet_width_inherit=&#8221;default&#8221; tablet_text_alignment=&#8221;default&#8221; phone_text_alignment=&#8221;default&#8221; column_border_width=&#8221;none&#8221; column_border_style=&#8221;solid&#8221; bg_image_animation=&#8221;none&#8221;][vc_row_inner column_margin=&#8221;default&#8221; top_padding=&#8221;65%&#8221; text_align=&#8221;left&#8221;][vc_column_inner column_padding=&#8221;no-extra-padding&#8221; column_padding_position=&#8221;all&#8221; background_color_opacity=&#8221;1&#8243; background_hover_color_opacity=&#8221;1&#8243; column_shadow=&#8221;none&#8221; column_border_radius=&#8221;none&#8221; column_link_target=&#8221;_self&#8221; width=&#8221;1\/1&#8243; tablet_width_inherit=&#8221;default&#8221; column_border_width=&#8221;none&#8221; column_border_style=&#8221;solid&#8221; bg_image_animation=&#8221;none&#8221;][\/vc_column_inner][\/vc_row_inner][vc_row_inner column_margin=&#8221;default&#8221; text_align=&#8221;left&#8221;][vc_column_inner column_padding=&#8221;no-extra-padding&#8221; column_padding_position=&#8221;all&#8221; background_color_opacity=&#8221;1&#8243; background_hover_color_opacity=&#8221;1&#8243; column_shadow=&#8221;none&#8221; column_border_radius=&#8221;none&#8221; column_link_target=&#8221;_self&#8221; width=&#8221;1\/1&#8243; tablet_width_inherit=&#8221;default&#8221; column_border_width=&#8221;none&#8221; column_border_style=&#8221;solid&#8221; bg_image_animation=&#8221;none&#8221; enable_animation=&#8221;true&#8221; animation=&#8221;fade-in-from-bottom&#8221;][vc_column_text]\n<p style=\"text-align: justify;\">Mit der Klassenraumversion ist InterSim III der perfekte Begleiter f\u00fcr das Training in Gruppen. Verwenden Sie InterSim III im Netzwerk als Master, der bis zu 20 weitere Simulatoren von Sch\u00fclern und Studierenden als Clients steuert.<\/p>\n<p style=\"text-align: justify;\">Dabei ist es unerheblich, ob Sie ausschlie\u00dflich mit InterSim III Interface, InterSim III Touch, oder einem Klassenverbund, der sich aus Clients beider Ger\u00e4te zusammensetzt, arbeiten. Voraussetzung ist lediglich ein zus\u00e4tzliches Klassenraumpaket. Der enthaltene Router stellt eine dezidierte Ethernetverbindung oder ein WLAN bereit. Beachten Sie, dass alle InterSim III Interface zudem jeweils einen zus\u00e4tzlichen Windows-PC zur Datenausgabe ben\u00f6tigen; alle InterSim III Touch zur Verwendung der Ethernet-Verbindung die dazugeh\u00f6rige Dockingstation.<\/p>\n[\/vc_column_text][\/vc_column_inner][\/vc_row_inner][\/vc_column][vc_column column_padding=&#8221;no-extra-padding&#8221; column_padding_position=&#8221;all&#8221; background_color_opacity=&#8221;1&#8243; background_hover_color_opacity=&#8221;1&#8243; column_link_target=&#8221;_self&#8221; column_shadow=&#8221;none&#8221; column_border_radius=&#8221;none&#8221; width=&#8221;1\/2&#8243; tablet_width_inherit=&#8221;default&#8221; tablet_text_alignment=&#8221;default&#8221; phone_text_alignment=&#8221;default&#8221; column_border_width=&#8221;none&#8221; column_border_style=&#8221;solid&#8221; bg_image_animation=&#8221;none&#8221;][\/vc_column][\/vc_row][vc_row type=&#8221;full_width_content&#8221; full_screen_row_position=&#8221;middle&#8221; equal_height=&#8221;yes&#8221; content_placement=&#8221;middle&#8221; bg_color=&#8221;#232323&#8243; scene_position=&#8221;center&#8221; text_color=&#8221;dark&#8221; text_align=&#8221;left&#8221; overlay_strength=&#8221;0.3&#8243; shape_divider_position=&#8221;bottom&#8221; bg_image_animation=&#8221;none&#8221;][vc_column column_padding=&#8221;padding-10-percent&#8221; column_padding_position=&#8221;all&#8221; background_color=&#8221;#f4f4f4&#8243; background_color_opacity=&#8221;1&#8243; background_hover_color_opacity=&#8221;1&#8243; column_link_target=&#8221;_self&#8221; column_shadow=&#8221;none&#8221; column_border_radius=&#8221;none&#8221; width=&#8221;1\/2&#8243; tablet_width_inherit=&#8221;default&#8221; tablet_text_alignment=&#8221;default&#8221; phone_text_alignment=&#8221;default&#8221; column_border_width=&#8221;none&#8221; column_border_style=&#8221;solid&#8221; bg_image_animation=&#8221;none&#8221;][vc_row_inner column_margin=&#8221;default&#8221; text_align=&#8221;left&#8221;][vc_column_inner column_padding=&#8221;no-extra-padding&#8221; column_padding_position=&#8221;all&#8221; background_color_opacity=&#8221;1&#8243; background_hover_color_opacity=&#8221;1&#8243; column_shadow=&#8221;none&#8221; column_border_radius=&#8221;none&#8221; column_link_target=&#8221;_self&#8221; width=&#8221;1\/1&#8243; tablet_width_inherit=&#8221;default&#8221; column_border_width=&#8221;none&#8221; column_border_style=&#8221;solid&#8221; bg_image_animation=&#8221;none&#8221; enable_animation=&#8221;true&#8221; animation=&#8221;fade-in-from-bottom&#8221;][vc_column_text]\n<p style=\"text-align: justify;\">S\u00e4mtliche Befehle, ausgef\u00fchrt am Master-InterSim III, werden in Echtzeit auf die Clients \u00fcbertragen und dort simultan ausgef\u00fchrt. Mit vorgefertigten States des Master-Simulators lassen sich getestete Parametersets ebenso einfach an die Clients \u00fcbertragen. Bereiten Sie Macros (dynamische Szenarien) auf dem Master-InterSim III vor und spielen Sie diese auf die Client-InterSim III aus.<\/p>\n[\/vc_column_text][\/vc_column_inner][\/vc_row_inner][\/vc_column][vc_column column_padding=&#8221;no-extra-padding&#8221; column_padding_position=&#8221;all&#8221; background_color_opacity=&#8221;1&#8243; background_hover_color_opacity=&#8221;1&#8243; background_image=&#8221;8010&#8243; enable_bg_scale=&#8221;true&#8221; column_link_target=&#8221;_self&#8221; column_shadow=&#8221;none&#8221; column_border_radius=&#8221;none&#8221; width=&#8221;1\/2&#8243; tablet_width_inherit=&#8221;default&#8221; tablet_text_alignment=&#8221;default&#8221; phone_text_alignment=&#8221;default&#8221; column_border_width=&#8221;none&#8221; column_border_style=&#8221;solid&#8221; bg_image_animation=&#8221;none&#8221;][\/vc_column][\/vc_row][vc_row type=&#8221;full_width_content&#8221; full_screen_row_position=&#8221;middle&#8221; equal_height=&#8221;yes&#8221; content_placement=&#8221;middle&#8221; bg_color=&#8221;#232323&#8243; scene_position=&#8221;center&#8221; text_color=&#8221;dark&#8221; text_align=&#8221;left&#8221; overlay_strength=&#8221;0.3&#8243; shape_divider_position=&#8221;bottom&#8221; bg_image_animation=&#8221;none&#8221;][vc_column column_padding=&#8221;no-extra-padding&#8221; column_padding_position=&#8221;all&#8221; background_color_opacity=&#8221;1&#8243; background_hover_color_opacity=&#8221;1&#8243; background_image=&#8221;8014&#8243; enable_bg_scale=&#8221;true&#8221; column_link_target=&#8221;_self&#8221; column_shadow=&#8221;none&#8221; column_border_radius=&#8221;none&#8221; width=&#8221;1\/2&#8243; tablet_width_inherit=&#8221;default&#8221; tablet_text_alignment=&#8221;default&#8221; phone_text_alignment=&#8221;default&#8221; column_border_width=&#8221;none&#8221; column_border_style=&#8221;solid&#8221; bg_image_animation=&#8221;none&#8221;][\/vc_column][vc_column column_padding=&#8221;padding-10-percent&#8221; column_padding_position=&#8221;all&#8221; background_color=&#8221;#ffffff&#8221; background_color_opacity=&#8221;1&#8243; background_hover_color_opacity=&#8221;1&#8243; column_link_target=&#8221;_self&#8221; column_shadow=&#8221;none&#8221; column_border_radius=&#8221;none&#8221; width=&#8221;1\/2&#8243; tablet_width_inherit=&#8221;default&#8221; tablet_text_alignment=&#8221;default&#8221; phone_text_alignment=&#8221;default&#8221; column_border_width=&#8221;none&#8221; column_border_style=&#8221;solid&#8221; bg_image_animation=&#8221;none&#8221;][vc_row_inner column_margin=&#8221;default&#8221; text_align=&#8221;left&#8221;][vc_column_inner column_padding=&#8221;no-extra-padding&#8221; column_padding_position=&#8221;all&#8221; background_color_opacity=&#8221;1&#8243; background_hover_color_opacity=&#8221;1&#8243; column_shadow=&#8221;none&#8221; column_border_radius=&#8221;none&#8221; column_link_target=&#8221;_self&#8221; width=&#8221;1\/1&#8243; tablet_width_inherit=&#8221;default&#8221; column_border_width=&#8221;none&#8221; column_border_style=&#8221;solid&#8221; bg_image_animation=&#8221;none&#8221; enable_animation=&#8221;true&#8221; animation=&#8221;fade-in-from-bottom&#8221;][vc_column_text]\n<p style=\"text-align: justify;\">In der Klassenraum-Version haben die Clients einen eingeschr\u00e4nkten Funktionsumfang; Anzeigen, die den eingestellten Herzrhythmus, einen AV-Block oder weitere Parameter erkennen lassen, werden ausgeblendet. Dies erm\u00f6glicht die volle Konzentration des Sch\u00fclers auf die Therapie des virtuellen Patienten und den Fokus auf die Programmer-T\u00e4tigkeit mit Blick auf das Implantat.<\/p>\n[\/vc_column_text][\/vc_column_inner][\/vc_row_inner][\/vc_column][\/vc_row]\n","protected":false},"excerpt":{"rendered":"<p>[vc_row type=&#8221;full_width_background&#8221; full_screen_row_position=&#8221;middle&#8221; bg_image=&#8221;8012&#8243; bg_position=&#8221;center top&#8221; bg_repeat=&#8221;no-repeat&#8221; bg_color=&#8221;#cbcbc3&#8243; scene_position=&#8221;center&#8221; text_color=&#8221;light&#8221; text_align=&#8221;left&#8221; top_padding=&#8221;4%&#8221; bottom_padding=&#8221;4%&#8221; id=&#8221;produkt&#8221; enable_gradient=&#8221;true&#8221; color_overlay_2=&#8221;#151519&#8243; gradient_direction=&#8221;top_to_bottom&#8221; overlay_strength=&#8221;1&#8243; shape_divider_position=&#8221;bottom&#8221; bg_image_animation=&#8221;none&#8221; shape_type=&#8221;&#8221;][vc_column column_padding=&#8221;no-extra-padding&#8221; column_padding_position=&#8221;all&#8221; background_color_opacity=&#8221;1&#8243; background_hover_color_opacity=&#8221;1&#8243; column_link_target=&#8221;_self&#8221; column_shadow=&#8221;none&#8221; column_border_radius=&#8221;none&#8221; width=&#8221;1\/2&#8243; tablet_width_inherit=&#8221;default&#8221;&#8230;<\/p>\n","protected":false},"author":4,"featured_media":0,"parent":6404,"menu_order":0,"comment_status":"closed","ping_status":"closed","template":"","meta":{"footnotes":""},"class_list":["post-6412","page","type-page","status-publish"],"yoast_head":"<!-- This site is optimized with the Yoast SEO plugin v27.3 - https:\/\/yoast.com\/product\/yoast-seo-wordpress\/ -->\n<title>InterSim III Klassenraum-Version - InterSim III<\/title>\n<meta name=\"robots\" content=\"index, follow, max-snippet:-1, max-image-preview:large, max-video-preview:-1\" \/>\n<link rel=\"canonical\" href=\"https:\/\/intersim3.com\/de\/produkte\/intersim-iii-klassenraum-version\/\" \/>\n<meta property=\"og:locale\" content=\"de_DE\" \/>\n<meta property=\"og:type\" content=\"article\" \/>\n<meta property=\"og:title\" content=\"InterSim III Klassenraum-Version - InterSim III\" \/>\n<meta property=\"og:description\" content=\"[vc_row type=&#8221;full_width_background&#8221; full_screen_row_position=&#8221;middle&#8221; bg_image=&#8221;8012&#8243; bg_position=&#8221;center top&#8221; bg_repeat=&#8221;no-repeat&#8221; bg_color=&#8221;#cbcbc3&#8243; scene_position=&#8221;center&#8221; text_color=&#8221;light&#8221; text_align=&#8221;left&#8221; top_padding=&#8221;4%&#8221; bottom_padding=&#8221;4%&#8221; id=&#8221;produkt&#8221; enable_gradient=&#8221;true&#8221; color_overlay_2=&#8221;#151519&#8243; gradient_direction=&#8221;top_to_bottom&#8221; overlay_strength=&#8221;1&#8243; shape_divider_position=&#8221;bottom&#8221; bg_image_animation=&#8221;none&#8221; shape_type=&#8221;&#8221;][vc_column column_padding=&#8221;no-extra-padding&#8221; column_padding_position=&#8221;all&#8221; background_color_opacity=&#8221;1&#8243; background_hover_color_opacity=&#8221;1&#8243; column_link_target=&#8221;_self&#8221; column_shadow=&#8221;none&#8221; column_border_radius=&#8221;none&#8221; width=&#8221;1\/2&#8243; tablet_width_inherit=&#8221;default&#8221;...\" \/>\n<meta property=\"og:url\" content=\"https:\/\/intersim3.com\/de\/produkte\/intersim-iii-klassenraum-version\/\" \/>\n<meta property=\"og:site_name\" content=\"InterSim III\" \/>\n<meta property=\"article:modified_time\" content=\"2020-02-19T15:56:40+00:00\" \/>\n<meta name=\"twitter:card\" content=\"summary_large_image\" \/>\n<meta name=\"twitter:label1\" content=\"Gesch\u00e4tzte Lesezeit\" \/>\n\t<meta name=\"twitter:data1\" content=\"5\u00a0Minuten\" \/>\n<script type=\"application\/ld+json\" class=\"yoast-schema-graph\">{\"@context\":\"https:\\\/\\\/schema.org\",\"@graph\":[{\"@type\":\"WebPage\",\"@id\":\"https:\\\/\\\/intersim3.com\\\/de\\\/produkte\\\/intersim-iii-klassenraum-version\\\/\",\"url\":\"https:\\\/\\\/intersim3.com\\\/de\\\/produkte\\\/intersim-iii-klassenraum-version\\\/\",\"name\":\"InterSim III Klassenraum-Version - InterSim III\",\"isPartOf\":{\"@id\":\"https:\\\/\\\/intersim3.com\\\/#website\"},\"datePublished\":\"2019-05-15T08:01:39+00:00\",\"dateModified\":\"2020-02-19T15:56:40+00:00\",\"breadcrumb\":{\"@id\":\"https:\\\/\\\/intersim3.com\\\/de\\\/produkte\\\/intersim-iii-klassenraum-version\\\/#breadcrumb\"},\"inLanguage\":\"de\",\"potentialAction\":[{\"@type\":\"ReadAction\",\"target\":[\"https:\\\/\\\/intersim3.com\\\/de\\\/produkte\\\/intersim-iii-klassenraum-version\\\/\"]}]},{\"@type\":\"BreadcrumbList\",\"@id\":\"https:\\\/\\\/intersim3.com\\\/de\\\/produkte\\\/intersim-iii-klassenraum-version\\\/#breadcrumb\",\"itemListElement\":[{\"@type\":\"ListItem\",\"position\":1,\"name\":\"Startseite\",\"item\":\"https:\\\/\\\/intersim3.com\\\/de\\\/\"},{\"@type\":\"ListItem\",\"position\":2,\"name\":\"Produkte\",\"item\":\"https:\\\/\\\/intersim3.com\\\/de\\\/produkte\\\/\"},{\"@type\":\"ListItem\",\"position\":3,\"name\":\"InterSim III Klassenraum-Version\"}]},{\"@type\":\"WebSite\",\"@id\":\"https:\\\/\\\/intersim3.com\\\/#website\",\"url\":\"https:\\\/\\\/intersim3.com\\\/\",\"name\":\"InterSim III\",\"description\":\"Simuliert. Demonstriert. \u00dcberzeugt.\",\"publisher\":{\"@id\":\"https:\\\/\\\/intersim3.com\\\/#organization\"},\"potentialAction\":[{\"@type\":\"SearchAction\",\"target\":{\"@type\":\"EntryPoint\",\"urlTemplate\":\"https:\\\/\\\/intersim3.com\\\/?s={search_term_string}\"},\"query-input\":{\"@type\":\"PropertyValueSpecification\",\"valueRequired\":true,\"valueName\":\"search_term_string\"}}],\"inLanguage\":\"de\"},{\"@type\":\"Organization\",\"@id\":\"https:\\\/\\\/intersim3.com\\\/#organization\",\"name\":\"Ingenieurb\u00fcro Lang\",\"url\":\"https:\\\/\\\/intersim3.com\\\/\",\"logo\":{\"@type\":\"ImageObject\",\"inLanguage\":\"de\",\"@id\":\"https:\\\/\\\/intersim3.com\\\/#\\\/schema\\\/logo\\\/image\\\/\",\"url\":\"https:\\\/\\\/intersim3.com\\\/wp-content\\\/uploads\\\/_pda\\\/2020\\\/09\\\/Logo_IBL_invers-1.png\",\"contentUrl\":\"https:\\\/\\\/intersim3.com\\\/wp-content\\\/uploads\\\/_pda\\\/2020\\\/09\\\/Logo_IBL_invers-1.png\",\"width\":100,\"height\":100,\"caption\":\"Ingenieurb\u00fcro Lang\"},\"image\":{\"@id\":\"https:\\\/\\\/intersim3.com\\\/#\\\/schema\\\/logo\\\/image\\\/\"}}]}<\/script>\n<!-- \/ Yoast SEO plugin. -->","yoast_head_json":{"title":"InterSim III Klassenraum-Version - InterSim III","robots":{"index":"index","follow":"follow","max-snippet":"max-snippet:-1","max-image-preview":"max-image-preview:large","max-video-preview":"max-video-preview:-1"},"canonical":"https:\/\/intersim3.com\/de\/produkte\/intersim-iii-klassenraum-version\/","og_locale":"de_DE","og_type":"article","og_title":"InterSim III Klassenraum-Version - InterSim III","og_description":"[vc_row type=&#8221;full_width_background&#8221; full_screen_row_position=&#8221;middle&#8221; bg_image=&#8221;8012&#8243; bg_position=&#8221;center top&#8221; bg_repeat=&#8221;no-repeat&#8221; bg_color=&#8221;#cbcbc3&#8243; scene_position=&#8221;center&#8221; text_color=&#8221;light&#8221; text_align=&#8221;left&#8221; top_padding=&#8221;4%&#8221; bottom_padding=&#8221;4%&#8221; id=&#8221;produkt&#8221; enable_gradient=&#8221;true&#8221; color_overlay_2=&#8221;#151519&#8243; gradient_direction=&#8221;top_to_bottom&#8221; overlay_strength=&#8221;1&#8243; shape_divider_position=&#8221;bottom&#8221; bg_image_animation=&#8221;none&#8221; shape_type=&#8221;&#8221;][vc_column column_padding=&#8221;no-extra-padding&#8221; column_padding_position=&#8221;all&#8221; background_color_opacity=&#8221;1&#8243; background_hover_color_opacity=&#8221;1&#8243; column_link_target=&#8221;_self&#8221; column_shadow=&#8221;none&#8221; column_border_radius=&#8221;none&#8221; width=&#8221;1\/2&#8243; tablet_width_inherit=&#8221;default&#8221;...","og_url":"https:\/\/intersim3.com\/de\/produkte\/intersim-iii-klassenraum-version\/","og_site_name":"InterSim III","article_modified_time":"2020-02-19T15:56:40+00:00","twitter_card":"summary_large_image","twitter_misc":{"Gesch\u00e4tzte Lesezeit":"5\u00a0Minuten"},"schema":{"@context":"https:\/\/schema.org","@graph":[{"@type":"WebPage","@id":"https:\/\/intersim3.com\/de\/produkte\/intersim-iii-klassenraum-version\/","url":"https:\/\/intersim3.com\/de\/produkte\/intersim-iii-klassenraum-version\/","name":"InterSim III Klassenraum-Version - InterSim III","isPartOf":{"@id":"https:\/\/intersim3.com\/#website"},"datePublished":"2019-05-15T08:01:39+00:00","dateModified":"2020-02-19T15:56:40+00:00","breadcrumb":{"@id":"https:\/\/intersim3.com\/de\/produkte\/intersim-iii-klassenraum-version\/#breadcrumb"},"inLanguage":"de","potentialAction":[{"@type":"ReadAction","target":["https:\/\/intersim3.com\/de\/produkte\/intersim-iii-klassenraum-version\/"]}]},{"@type":"BreadcrumbList","@id":"https:\/\/intersim3.com\/de\/produkte\/intersim-iii-klassenraum-version\/#breadcrumb","itemListElement":[{"@type":"ListItem","position":1,"name":"Startseite","item":"https:\/\/intersim3.com\/de\/"},{"@type":"ListItem","position":2,"name":"Produkte","item":"https:\/\/intersim3.com\/de\/produkte\/"},{"@type":"ListItem","position":3,"name":"InterSim III Klassenraum-Version"}]},{"@type":"WebSite","@id":"https:\/\/intersim3.com\/#website","url":"https:\/\/intersim3.com\/","name":"InterSim III","description":"Simuliert. Demonstriert. \u00dcberzeugt.","publisher":{"@id":"https:\/\/intersim3.com\/#organization"},"potentialAction":[{"@type":"SearchAction","target":{"@type":"EntryPoint","urlTemplate":"https:\/\/intersim3.com\/?s={search_term_string}"},"query-input":{"@type":"PropertyValueSpecification","valueRequired":true,"valueName":"search_term_string"}}],"inLanguage":"de"},{"@type":"Organization","@id":"https:\/\/intersim3.com\/#organization","name":"Ingenieurb\u00fcro Lang","url":"https:\/\/intersim3.com\/","logo":{"@type":"ImageObject","inLanguage":"de","@id":"https:\/\/intersim3.com\/#\/schema\/logo\/image\/","url":"https:\/\/intersim3.com\/wp-content\/uploads\/_pda\/2020\/09\/Logo_IBL_invers-1.png","contentUrl":"https:\/\/intersim3.com\/wp-content\/uploads\/_pda\/2020\/09\/Logo_IBL_invers-1.png","width":100,"height":100,"caption":"Ingenieurb\u00fcro Lang"},"image":{"@id":"https:\/\/intersim3.com\/#\/schema\/logo\/image\/"}}]}},"_links":{"self":[{"href":"https:\/\/intersim3.com\/de\/wp-json\/wp\/v2\/pages\/6412","targetHints":{"allow":["GET"]}}],"collection":[{"href":"https:\/\/intersim3.com\/de\/wp-json\/wp\/v2\/pages"}],"about":[{"href":"https:\/\/intersim3.com\/de\/wp-json\/wp\/v2\/types\/page"}],"author":[{"embeddable":true,"href":"https:\/\/intersim3.com\/de\/wp-json\/wp\/v2\/users\/4"}],"replies":[{"embeddable":true,"href":"https:\/\/intersim3.com\/de\/wp-json\/wp\/v2\/comments?post=6412"}],"version-history":[{"count":0,"href":"https:\/\/intersim3.com\/de\/wp-json\/wp\/v2\/pages\/6412\/revisions"}],"up":[{"embeddable":true,"href":"https:\/\/intersim3.com\/de\/wp-json\/wp\/v2\/pages\/6404"}],"wp:attachment":[{"href":"https:\/\/intersim3.com\/de\/wp-json\/wp\/v2\/media?parent=6412"}],"curies":[{"name":"wp","href":"https:\/\/api.w.org\/{rel}","templated":true}]}}