{"id":6408,"date":"2019-05-15T08:01:17","date_gmt":"2019-05-15T08:01:17","guid":{"rendered":"https:\/\/intersim3.com\/?page_id=6408"},"modified":"2025-01-21T13:00:50","modified_gmt":"2025-01-21T12:00:50","slug":"intersim-iii-interface","status":"publish","type":"page","link":"https:\/\/intersim3.com\/de\/produkte\/intersim-iii-interface\/","title":{"rendered":"InterSim III Interface"},"content":{"rendered":"[vc_row type=&#8221;full_width_background&#8221; full_screen_row_position=&#8221;middle&#8221; scene_position=&#8221;center&#8221; text_color=&#8221;dark&#8221; text_align=&#8221;left&#8221; overlay_strength=&#8221;0.3&#8243; shape_divider_position=&#8221;bottom&#8221; bg_image_animation=&#8221;none&#8221;][vc_column column_padding=&#8221;no-extra-padding&#8221; column_padding_position=&#8221;all&#8221; background_color_opacity=&#8221;1&#8243; background_hover_color_opacity=&#8221;1&#8243; column_link_target=&#8221;_self&#8221; column_shadow=&#8221;none&#8221; column_border_radius=&#8221;none&#8221; width=&#8221;1\/1&#8243; tablet_width_inherit=&#8221;default&#8221; tablet_text_alignment=&#8221;default&#8221; phone_text_alignment=&#8221;default&#8221; column_border_width=&#8221;none&#8221; column_border_style=&#8221;solid&#8221; bg_image_animation=&#8221;none&#8221;][page_submenu alignment=&#8221;center&#8221; sticky=&#8221;true&#8221; bg_color=&#8221;#333333&#8243; link_color=&#8221;#ffffff&#8221;][page_link link_url=&#8221;#beschreibung&#8221; title=&#8221;Beschreibung&#8221; tab_id=&#8221;1737460832041-6&#8243; id=&#8221;1737460832041-4&#8243;] [\/page_link][page_link link_url=&#8221;#eigenschaften&#8221; title=&#8221;Eigenschaften&#8221; tab_id=&#8221;1737460832068-5&#8243; id=&#8221;1737460832068-5&#8243;] [\/page_link][\/page_submenu][\/vc_column][\/vc_row][vc_row type=&#8221;full_width_content&#8221; full_screen_row_position=&#8221;middle&#8221; equal_height=&#8221;yes&#8221; content_placement=&#8221;middle&#8221; bg_color=&#8221;#232323&#8243; scene_position=&#8221;center&#8221; text_color=&#8221;dark&#8221; text_align=&#8221;left&#8221; id=&#8221;beschreibung&#8221; overlay_strength=&#8221;0.3&#8243; shape_divider_position=&#8221;bottom&#8221; bg_image_animation=&#8221;none&#8221; shape_type=&#8221;&#8221;][vc_column column_padding=&#8221;padding-10-percent&#8221; column_padding_position=&#8221;all&#8221; background_color=&#8221;#f4f4f4&#8243; background_color_opacity=&#8221;1&#8243; background_hover_color_opacity=&#8221;1&#8243; column_link_target=&#8221;_self&#8221; column_shadow=&#8221;none&#8221; column_border_radius=&#8221;none&#8221; width=&#8221;1\/2&#8243; tablet_width_inherit=&#8221;default&#8221; tablet_text_alignment=&#8221;default&#8221; phone_text_alignment=&#8221;default&#8221; column_border_width=&#8221;none&#8221; column_border_style=&#8221;solid&#8221; bg_image_animation=&#8221;none&#8221;][vc_row_inner column_margin=&#8221;default&#8221; text_align=&#8221;left&#8221;][vc_column_inner column_padding=&#8221;no-extra-padding&#8221; column_padding_position=&#8221;all&#8221; background_color_opacity=&#8221;1&#8243; background_hover_color_opacity=&#8221;1&#8243; column_shadow=&#8221;none&#8221; column_border_radius=&#8221;none&#8221; column_link_target=&#8221;_self&#8221; width=&#8221;1\/1&#8243; tablet_width_inherit=&#8221;default&#8221; column_border_width=&#8221;none&#8221; column_border_style=&#8221;solid&#8221; bg_image_animation=&#8221;none&#8221; enable_animation=&#8221;true&#8221; animation=&#8221;fade-in-from-bottom&#8221;][vc_column_text]\n<p style=\"text-align: justify;\">InterSim III Interface ist eine technische L\u00f6sung, die an Herzschrittmacher und Defibrillatoren angeschlossen wird. In Kombination mit einem zus\u00e4tzlichen Windows PC bildet InterSim die Erregungsausbreitung im Herzen bei normalem wie gest\u00f6rtem Rhythmus ab und erm\u00f6glicht die Nachbildung eines EKG.<br \/>\nSimulieren Sie die f\u00fcr Schrittmacher- und ICD-Therapien relevanten Rhythmusst\u00f6rungen anschaulich und wirklichkeitsgetreu. Die Bedienung der mitgelieferten Software ist dabei simpel und leicht verst\u00e4ndlich; dank der integrierten Speicherfunktion lassen sich eingestellte Parameter festhalten und sp\u00e4ter wieder aufrufen. Erstellen Sie dynamische Macros mit der eingebauten Scriptsprache und zeichnen Sie diese per Tastendruck auf.<\/p>\n[\/vc_column_text][\/vc_column_inner][\/vc_row_inner][\/vc_column][vc_column column_padding=&#8221;no-extra-padding&#8221; column_padding_position=&#8221;all&#8221; background_color_opacity=&#8221;1&#8243; background_hover_color_opacity=&#8221;1&#8243; background_image=&#8221;8045&#8243; enable_bg_scale=&#8221;true&#8221; column_link_target=&#8221;_self&#8221; column_shadow=&#8221;none&#8221; column_border_radius=&#8221;none&#8221; width=&#8221;1\/2&#8243; tablet_width_inherit=&#8221;default&#8221; tablet_text_alignment=&#8221;default&#8221; phone_text_alignment=&#8221;default&#8221; column_border_width=&#8221;none&#8221; column_border_style=&#8221;solid&#8221; bg_image_animation=&#8221;none&#8221;][\/vc_column][\/vc_row][vc_row type=&#8221;full_width_content&#8221; full_screen_row_position=&#8221;middle&#8221; equal_height=&#8221;yes&#8221; content_placement=&#8221;middle&#8221; bg_color=&#8221;#232323&#8243; scene_position=&#8221;center&#8221; text_color=&#8221;dark&#8221; text_align=&#8221;left&#8221; overlay_strength=&#8221;0.3&#8243; shape_divider_position=&#8221;bottom&#8221; bg_image_animation=&#8221;none&#8221;][vc_column column_padding=&#8221;no-extra-padding&#8221; column_padding_position=&#8221;all&#8221; background_color_opacity=&#8221;1&#8243; background_hover_color_opacity=&#8221;1&#8243; background_image=&#8221;8047&#8243; enable_bg_scale=&#8221;true&#8221; column_link_target=&#8221;_self&#8221; column_shadow=&#8221;none&#8221; column_border_radius=&#8221;none&#8221; width=&#8221;1\/2&#8243; tablet_width_inherit=&#8221;default&#8221; tablet_text_alignment=&#8221;default&#8221; phone_text_alignment=&#8221;default&#8221; column_border_width=&#8221;none&#8221; column_border_style=&#8221;solid&#8221; bg_image_animation=&#8221;none&#8221;][\/vc_column][vc_column column_padding=&#8221;padding-10-percent&#8221; column_padding_position=&#8221;all&#8221; background_color=&#8221;#ffffff&#8221; background_color_opacity=&#8221;1&#8243; background_hover_color_opacity=&#8221;1&#8243; column_link_target=&#8221;_self&#8221; column_shadow=&#8221;none&#8221; column_border_radius=&#8221;none&#8221; width=&#8221;1\/2&#8243; tablet_width_inherit=&#8221;default&#8221; tablet_text_alignment=&#8221;default&#8221; phone_text_alignment=&#8221;default&#8221; column_border_width=&#8221;none&#8221; column_border_style=&#8221;solid&#8221; bg_image_animation=&#8221;none&#8221;][vc_row_inner column_margin=&#8221;default&#8221; text_align=&#8221;left&#8221;][vc_column_inner column_padding=&#8221;no-extra-padding&#8221; column_padding_position=&#8221;all&#8221; background_color_opacity=&#8221;1&#8243; background_hover_color_opacity=&#8221;1&#8243; column_shadow=&#8221;none&#8221; column_border_radius=&#8221;none&#8221; column_link_target=&#8221;_self&#8221; width=&#8221;1\/1&#8243; tablet_width_inherit=&#8221;default&#8221; column_border_width=&#8221;none&#8221; column_border_style=&#8221;solid&#8221; bg_image_animation=&#8221;none&#8221; enable_animation=&#8221;true&#8221; animation=&#8221;fade-in-from-bottom&#8221;][vc_column_text]\n<p style=\"text-align: justify;\">Die interaktive Steuerung erm\u00f6glicht eine genaue Pr\u00fcfung der Herz-Pacemaker\/ICD-Wechselwirkung und unterst\u00fctzt das Training im Umgang mit Herzschrittmacher-Programmern. Dank der <a href=\"https:\/\/intersim3.com\/produkte\/intersim-iii-klassenraum-version\">InterSim-Klassenraumversion<\/a>\u00a0steuert der Trainer bis zu 20 weitere Stationen simultan. Dies erm\u00f6glicht die volle Konzentration des Sch\u00fclers auf die Therapie des virtuellen Patienten und den Fokus auf die Programmer-T\u00e4tigkeit mit Blick auf das Implantat.<br \/>\n<strong>Bitte beachten Sie, dass zur Nutzung des InterSim III Interface ein zus\u00e4tzlicher PC mit Windows 10- oder 11-Betriebssystem vorausgesetzt wird.<\/strong><\/p>\n[\/vc_column_text][\/vc_column_inner][\/vc_row_inner][\/vc_column][\/vc_row][vc_row type=&#8221;full_width_content&#8221; full_screen_row_position=&#8221;middle&#8221; equal_height=&#8221;yes&#8221; content_placement=&#8221;middle&#8221; bg_color=&#8221;#232323&#8243; scene_position=&#8221;center&#8221; text_color=&#8221;dark&#8221; text_align=&#8221;left&#8221; overlay_strength=&#8221;0.3&#8243; shape_divider_position=&#8221;bottom&#8221; bg_image_animation=&#8221;none&#8221; shape_type=&#8221;&#8221;][vc_column column_padding=&#8221;padding-10-percent&#8221; column_padding_position=&#8221;all&#8221; background_color=&#8221;#f4f4f4&#8243; background_color_opacity=&#8221;1&#8243; background_hover_color_opacity=&#8221;1&#8243; column_link_target=&#8221;_self&#8221; column_shadow=&#8221;none&#8221; column_border_radius=&#8221;none&#8221; width=&#8221;1\/2&#8243; tablet_width_inherit=&#8221;default&#8221; tablet_text_alignment=&#8221;default&#8221; phone_text_alignment=&#8221;default&#8221; column_border_width=&#8221;none&#8221; column_border_style=&#8221;solid&#8221; bg_image_animation=&#8221;none&#8221;][vc_row_inner column_margin=&#8221;default&#8221; text_align=&#8221;left&#8221;][vc_column_inner column_padding=&#8221;no-extra-padding&#8221; column_padding_position=&#8221;all&#8221; background_color_opacity=&#8221;1&#8243; background_hover_color_opacity=&#8221;1&#8243; column_shadow=&#8221;none&#8221; column_border_radius=&#8221;none&#8221; column_link_target=&#8221;_self&#8221; width=&#8221;1\/1&#8243; tablet_width_inherit=&#8221;default&#8221; column_border_width=&#8221;none&#8221; column_border_style=&#8221;solid&#8221; bg_image_animation=&#8221;none&#8221; enable_animation=&#8221;true&#8221; animation=&#8221;fade-in-from-bottom&#8221;][vc_custom_heading text=&#8221;Vielseitige Verbindungen. Vielf\u00e4ltige Simulationen.&#8221; font_container=&#8221;tag:h2|font_size:40|text_align:left|line_height:50px&#8221; use_theme_fonts=&#8221;yes&#8221;][vc_column_text]\n<p style=\"text-align: justify;\">Dank der vielseitigen Anschlussm\u00f6glichkeiten unterst\u00fctzt InterSim III alle g\u00e4ngigen Standards implantierbarer Schrittmacher und Defibrillatoren. Dazu geh\u00f6ren nicht nur die klassischen Elektrodenstandards IS-1 und DF-1, sondern auch die neueren Schnittstellen IS-4 und DF-4, die bei aktuellen Implantaten zunehmend zum Einsatz kommen.<br \/>\nMit der vollst\u00e4ndigen Unterst\u00fctzung des IS-4 Standards lassen sich f\u00fcr alle Vektoren Impedanzen, Schwellspannungen sowie Verz\u00f6gerungszeiten separat einstellen. Zudem lassen sich Elektrodendefekte, EMI und eine Phrenic-Nerve-Reizung simulieren. Die Unterst\u00fctzung des DF-4 Standards erlaubt die einschr\u00e4nkungsfreie Wahl des Schock-Vektors. Die Hardware ist dabei ausgelegt f\u00fcr 80 J (bzw. 1500 V). Auf beiden Schock-Elektroden ist dabei ein Fernfeld-EGM verf\u00fcgbar. Die Simulation eines Elektrodenbruchs ist f\u00fcr die RV-Coil-Elektrode ebenfalls m\u00f6glich.<\/p>\n[\/vc_column_text][\/vc_column_inner][\/vc_row_inner][\/vc_column][vc_column column_padding=&#8221;no-extra-padding&#8221; column_padding_position=&#8221;all&#8221; background_color_opacity=&#8221;1&#8243; background_hover_color_opacity=&#8221;1&#8243; background_image=&#8221;7996&#8243; enable_bg_scale=&#8221;true&#8221; column_link_target=&#8221;_self&#8221; column_shadow=&#8221;none&#8221; column_border_radius=&#8221;none&#8221; width=&#8221;1\/2&#8243; tablet_width_inherit=&#8221;default&#8221; tablet_text_alignment=&#8221;default&#8221; phone_text_alignment=&#8221;default&#8221; column_border_width=&#8221;none&#8221; column_border_style=&#8221;solid&#8221; bg_image_animation=&#8221;none&#8221;][\/vc_column][\/vc_row][vc_row type=&#8221;full_width_background&#8221; full_screen_row_position=&#8221;middle&#8221; bg_color=&#8221;#ffffff&#8221; scene_position=&#8221;center&#8221; text_color=&#8221;dark&#8221; text_align=&#8221;left&#8221; top_padding=&#8221;5%&#8221; bottom_padding=&#8221;5%&#8221; id=&#8221;features&#8221; overlay_strength=&#8221;0.3&#8243; shape_divider_position=&#8221;bottom&#8221; bg_image_animation=&#8221;none&#8221; shape_type=&#8221;&#8221;][vc_column column_padding=&#8221;padding-2-percent&#8221; column_padding_position=&#8221;all&#8221; background_color_opacity=&#8221;1&#8243; background_hover_color_opacity=&#8221;1&#8243; column_link_target=&#8221;_self&#8221; column_shadow=&#8221;none&#8221; column_border_radius=&#8221;none&#8221; width=&#8221;1\/1&#8243; tablet_width_inherit=&#8221;default&#8221; tablet_text_alignment=&#8221;default&#8221; phone_text_alignment=&#8221;default&#8221; column_border_width=&#8221;none&#8221; column_border_style=&#8221;solid&#8221; bg_image_animation=&#8221;none&#8221;]<div class=\"divider-wrap\" data-alignment=\"default\"><div style=\"height: 20px;\" class=\"divider\"><\/div><\/div>[vc_row_inner column_margin=&#8221;default&#8221; text_align=&#8221;left&#8221; el_id=&#8221;eigenschaften&#8221;][vc_column_inner column_padding=&#8221;no-extra-padding&#8221; column_padding_position=&#8221;all&#8221; background_color_opacity=&#8221;1&#8243; background_hover_color_opacity=&#8221;1&#8243; column_shadow=&#8221;none&#8221; column_border_radius=&#8221;none&#8221; column_link_target=&#8221;_self&#8221; width=&#8221;1\/3&#8243; tablet_width_inherit=&#8221;default&#8221; column_border_width=&#8221;none&#8221; column_border_style=&#8221;solid&#8221; bg_image_animation=&#8221;none&#8221;][vc_column_text]\n<div class=\"vc_column-inner\">\n<div class=\"wpb_wrapper\">\n<div class=\"wpb_text_column wpb_content_element \">\n<div class=\"wpb_wrapper\">\n<p><strong>Hardware<\/strong><\/p>\n<ul>\n<li>Interfaceelectronik zum Anschluss an die USB-Schnittstelle<\/li>\n<li>Ein zus\u00e4tzlicher Windows-PC, ein -Notebook oder ein -Tablet mit USB ist notwendig<\/li>\n<li>Anwendungssoftware l\u00e4uft unter Windows\u00ae 10 oder 11<\/li>\n<li>CE und NRTL\/FCC zertifiziert<\/li>\n<li>Vollst\u00e4ndige Unterst\u00fctzung von IS-4 und DF-4<\/li>\n<li>Adapterbox f\u00fcr den Anschluss von Schrittmachern und ICDs<\/li>\n<li>Hochspannungsfest (bis 1500 V, bis 80 J)<\/li>\n<li>Unterst\u00fctzung f\u00fcr externe Schrittmacher<\/li>\n<li>Betrieb im Klassenraummodus m\u00f6glich<\/li>\n<\/ul>\n<\/div>\n<\/div>\n<\/div>\n<\/div>\n[\/vc_column_text][\/vc_column_inner][vc_column_inner column_padding=&#8221;no-extra-padding&#8221; column_padding_position=&#8221;all&#8221; background_color_opacity=&#8221;1&#8243; background_hover_color_opacity=&#8221;1&#8243; column_shadow=&#8221;none&#8221; column_border_radius=&#8221;none&#8221; column_link_target=&#8221;_self&#8221; width=&#8221;1\/3&#8243; tablet_width_inherit=&#8221;default&#8221; column_border_width=&#8221;none&#8221; column_border_style=&#8221;solid&#8221; bg_image_animation=&#8221;none&#8221;][vc_column_text]\n<div class=\"vc_column-inner\">\n<div class=\"wpb_wrapper\">\n<div class=\"wpb_text_column wpb_content_element \">\n<div class=\"wpb_wrapper\">\n<p><strong>Software<\/strong><\/p>\n<ul>\n<li>einfach zu erlernende und zu bedienende Benutzeroberfl\u00e4che<\/li>\n<li>Professionelles Design<\/li>\n<li>Animierte Herzgrafik<\/li>\n<li>Nutzerkonfigurierbare EKGs<\/li>\n<li>Interaktive \u00c4nderung der Parameter<\/li>\n<li>Software States (\u2018Schnappschuss\u2019 aller Parameter)<\/li>\n<li>Macros (dynamische Programmierung)<\/li>\n<\/ul>\n<\/div>\n<\/div>\n<\/div>\n<\/div>\n[\/vc_column_text][\/vc_column_inner][vc_column_inner column_padding=&#8221;no-extra-padding&#8221; column_padding_position=&#8221;all&#8221; background_color_opacity=&#8221;1&#8243; background_hover_color_opacity=&#8221;1&#8243; column_shadow=&#8221;none&#8221; column_border_radius=&#8221;none&#8221; column_link_target=&#8221;_self&#8221; width=&#8221;1\/3&#8243; tablet_width_inherit=&#8221;default&#8221; column_border_width=&#8221;none&#8221; column_border_style=&#8221;solid&#8221; bg_image_animation=&#8221;none&#8221;][vc_column_text]<strong>Lieferumfang<\/strong><\/p>\n<ul>\n<li>Ger\u00e4t InterSim III Basic Interface<\/li>\n<li>InterSim III Adapterbox Standard oder Extended<\/li>\n<li>Adapter DF-1<\/li>\n<li>USB-Steckernetzteil (l\u00e4nderspezifische Adapter EU, UK, US)<\/li>\n<li>USB-Kabel 1,8 m<\/li>\n<li>Transportkoffer<\/li>\n<li>Bedienungsanleitung<\/li>\n<\/ul>\n[\/vc_column_text][\/vc_column_inner][\/vc_row_inner][\/vc_column][\/vc_row]\n","protected":false},"excerpt":{"rendered":"<p>[vc_row type=&#8221;full_width_background&#8221; full_screen_row_position=&#8221;middle&#8221; scene_position=&#8221;center&#8221; text_color=&#8221;dark&#8221; text_align=&#8221;left&#8221; overlay_strength=&#8221;0.3&#8243; shape_divider_position=&#8221;bottom&#8221; bg_image_animation=&#8221;none&#8221;][vc_column column_padding=&#8221;no-extra-padding&#8221; column_padding_position=&#8221;all&#8221; background_color_opacity=&#8221;1&#8243; background_hover_color_opacity=&#8221;1&#8243; column_link_target=&#8221;_self&#8221; column_shadow=&#8221;none&#8221; column_border_radius=&#8221;none&#8221; width=&#8221;1\/1&#8243; tablet_width_inherit=&#8221;default&#8221; tablet_text_alignment=&#8221;default&#8221; phone_text_alignment=&#8221;default&#8221; column_border_width=&#8221;none&#8221; column_border_style=&#8221;solid&#8221; bg_image_animation=&#8221;none&#8221;][page_submenu alignment=&#8221;center&#8221; sticky=&#8221;true&#8221; bg_color=&#8221;#333333&#8243; link_color=&#8221;#ffffff&#8221;][page_link link_url=&#8221;#beschreibung&#8221; title=&#8221;Beschreibung&#8221; tab_id=&#8221;1737460832041-6&#8243;&#8230;<\/p>\n","protected":false},"author":4,"featured_media":0,"parent":6404,"menu_order":0,"comment_status":"closed","ping_status":"closed","template":"","meta":{"footnotes":""},"class_list":["post-6408","page","type-page","status-publish"],"yoast_head":"<!-- This site is optimized with the Yoast SEO plugin v27.3 - https:\/\/yoast.com\/product\/yoast-seo-wordpress\/ -->\n<title>InterSim III Interface - InterSim III<\/title>\n<meta name=\"description\" content=\"Funktionalit\u00e4t darstellen, Vertrauen schaffen \u2013 mit InterSim. InterSim III Interface ist eine technische L\u00f6sung, die an Herzschrittmacher und Defibrillatoren angeschlossen wird. In Kombination mit einem zus\u00e4tzlichen Windows PC bildet InterSim die Erregungsausbreitung im Herzen bei normalem wie gest\u00f6rtem Rhythmus ab.\" \/>\n<meta name=\"robots\" content=\"index, follow, max-snippet:-1, max-image-preview:large, max-video-preview:-1\" \/>\n<link rel=\"canonical\" href=\"https:\/\/intersim3.com\/de\/produkte\/intersim-iii-interface\/\" \/>\n<meta property=\"og:locale\" content=\"de_DE\" \/>\n<meta property=\"og:type\" content=\"article\" \/>\n<meta property=\"og:title\" content=\"InterSim III Interface - InterSim III\" \/>\n<meta property=\"og:description\" content=\"Funktionalit\u00e4t darstellen, Vertrauen schaffen \u2013 mit InterSim. InterSim III Interface ist eine technische L\u00f6sung, die an Herzschrittmacher und Defibrillatoren angeschlossen wird. In Kombination mit einem zus\u00e4tzlichen Windows PC bildet InterSim die Erregungsausbreitung im Herzen bei normalem wie gest\u00f6rtem Rhythmus ab.\" \/>\n<meta property=\"og:url\" content=\"https:\/\/intersim3.com\/de\/produkte\/intersim-iii-interface\/\" \/>\n<meta property=\"og:site_name\" content=\"InterSim III\" \/>\n<meta property=\"article:modified_time\" content=\"2025-01-21T12:00:50+00:00\" \/>\n<meta name=\"twitter:card\" content=\"summary_large_image\" \/>\n<meta name=\"twitter:label1\" content=\"Gesch\u00e4tzte Lesezeit\" \/>\n\t<meta name=\"twitter:data1\" content=\"4\u00a0Minuten\" \/>\n<script type=\"application\/ld+json\" class=\"yoast-schema-graph\">{\"@context\":\"https:\\\/\\\/schema.org\",\"@graph\":[{\"@type\":\"WebPage\",\"@id\":\"https:\\\/\\\/intersim3.com\\\/de\\\/produkte\\\/intersim-iii-interface\\\/\",\"url\":\"https:\\\/\\\/intersim3.com\\\/de\\\/produkte\\\/intersim-iii-interface\\\/\",\"name\":\"InterSim III Interface - InterSim III\",\"isPartOf\":{\"@id\":\"https:\\\/\\\/intersim3.com\\\/#website\"},\"datePublished\":\"2019-05-15T08:01:17+00:00\",\"dateModified\":\"2025-01-21T12:00:50+00:00\",\"description\":\"Funktionalit\u00e4t darstellen, Vertrauen schaffen \u2013 mit InterSim. InterSim III Interface ist eine technische L\u00f6sung, die an Herzschrittmacher und Defibrillatoren angeschlossen wird. In Kombination mit einem zus\u00e4tzlichen Windows PC bildet InterSim die Erregungsausbreitung im Herzen bei normalem wie gest\u00f6rtem Rhythmus ab.\",\"breadcrumb\":{\"@id\":\"https:\\\/\\\/intersim3.com\\\/de\\\/produkte\\\/intersim-iii-interface\\\/#breadcrumb\"},\"inLanguage\":\"de\",\"potentialAction\":[{\"@type\":\"ReadAction\",\"target\":[\"https:\\\/\\\/intersim3.com\\\/de\\\/produkte\\\/intersim-iii-interface\\\/\"]}]},{\"@type\":\"BreadcrumbList\",\"@id\":\"https:\\\/\\\/intersim3.com\\\/de\\\/produkte\\\/intersim-iii-interface\\\/#breadcrumb\",\"itemListElement\":[{\"@type\":\"ListItem\",\"position\":1,\"name\":\"Startseite\",\"item\":\"https:\\\/\\\/intersim3.com\\\/de\\\/\"},{\"@type\":\"ListItem\",\"position\":2,\"name\":\"Produkte\",\"item\":\"https:\\\/\\\/intersim3.com\\\/de\\\/produkte\\\/\"},{\"@type\":\"ListItem\",\"position\":3,\"name\":\"InterSim III Interface\"}]},{\"@type\":\"WebSite\",\"@id\":\"https:\\\/\\\/intersim3.com\\\/#website\",\"url\":\"https:\\\/\\\/intersim3.com\\\/\",\"name\":\"InterSim III\",\"description\":\"Simuliert. Demonstriert. \u00dcberzeugt.\",\"publisher\":{\"@id\":\"https:\\\/\\\/intersim3.com\\\/#organization\"},\"potentialAction\":[{\"@type\":\"SearchAction\",\"target\":{\"@type\":\"EntryPoint\",\"urlTemplate\":\"https:\\\/\\\/intersim3.com\\\/?s={search_term_string}\"},\"query-input\":{\"@type\":\"PropertyValueSpecification\",\"valueRequired\":true,\"valueName\":\"search_term_string\"}}],\"inLanguage\":\"de\"},{\"@type\":\"Organization\",\"@id\":\"https:\\\/\\\/intersim3.com\\\/#organization\",\"name\":\"Ingenieurb\u00fcro Lang\",\"url\":\"https:\\\/\\\/intersim3.com\\\/\",\"logo\":{\"@type\":\"ImageObject\",\"inLanguage\":\"de\",\"@id\":\"https:\\\/\\\/intersim3.com\\\/#\\\/schema\\\/logo\\\/image\\\/\",\"url\":\"https:\\\/\\\/intersim3.com\\\/wp-content\\\/uploads\\\/_pda\\\/2020\\\/09\\\/Logo_IBL_invers-1.png\",\"contentUrl\":\"https:\\\/\\\/intersim3.com\\\/wp-content\\\/uploads\\\/_pda\\\/2020\\\/09\\\/Logo_IBL_invers-1.png\",\"width\":100,\"height\":100,\"caption\":\"Ingenieurb\u00fcro Lang\"},\"image\":{\"@id\":\"https:\\\/\\\/intersim3.com\\\/#\\\/schema\\\/logo\\\/image\\\/\"}}]}<\/script>\n<!-- \/ Yoast SEO plugin. -->","yoast_head_json":{"title":"InterSim III Interface - InterSim III","description":"Funktionalit\u00e4t darstellen, Vertrauen schaffen \u2013 mit InterSim. InterSim III Interface ist eine technische L\u00f6sung, die an Herzschrittmacher und Defibrillatoren angeschlossen wird. In Kombination mit einem zus\u00e4tzlichen Windows PC bildet InterSim die Erregungsausbreitung im Herzen bei normalem wie gest\u00f6rtem Rhythmus ab.","robots":{"index":"index","follow":"follow","max-snippet":"max-snippet:-1","max-image-preview":"max-image-preview:large","max-video-preview":"max-video-preview:-1"},"canonical":"https:\/\/intersim3.com\/de\/produkte\/intersim-iii-interface\/","og_locale":"de_DE","og_type":"article","og_title":"InterSim III Interface - InterSim III","og_description":"Funktionalit\u00e4t darstellen, Vertrauen schaffen \u2013 mit InterSim. InterSim III Interface ist eine technische L\u00f6sung, die an Herzschrittmacher und Defibrillatoren angeschlossen wird. In Kombination mit einem zus\u00e4tzlichen Windows PC bildet InterSim die Erregungsausbreitung im Herzen bei normalem wie gest\u00f6rtem Rhythmus ab.","og_url":"https:\/\/intersim3.com\/de\/produkte\/intersim-iii-interface\/","og_site_name":"InterSim III","article_modified_time":"2025-01-21T12:00:50+00:00","twitter_card":"summary_large_image","twitter_misc":{"Gesch\u00e4tzte Lesezeit":"4\u00a0Minuten"},"schema":{"@context":"https:\/\/schema.org","@graph":[{"@type":"WebPage","@id":"https:\/\/intersim3.com\/de\/produkte\/intersim-iii-interface\/","url":"https:\/\/intersim3.com\/de\/produkte\/intersim-iii-interface\/","name":"InterSim III Interface - InterSim III","isPartOf":{"@id":"https:\/\/intersim3.com\/#website"},"datePublished":"2019-05-15T08:01:17+00:00","dateModified":"2025-01-21T12:00:50+00:00","description":"Funktionalit\u00e4t darstellen, Vertrauen schaffen \u2013 mit InterSim. InterSim III Interface ist eine technische L\u00f6sung, die an Herzschrittmacher und Defibrillatoren angeschlossen wird. In Kombination mit einem zus\u00e4tzlichen Windows PC bildet InterSim die Erregungsausbreitung im Herzen bei normalem wie gest\u00f6rtem Rhythmus ab.","breadcrumb":{"@id":"https:\/\/intersim3.com\/de\/produkte\/intersim-iii-interface\/#breadcrumb"},"inLanguage":"de","potentialAction":[{"@type":"ReadAction","target":["https:\/\/intersim3.com\/de\/produkte\/intersim-iii-interface\/"]}]},{"@type":"BreadcrumbList","@id":"https:\/\/intersim3.com\/de\/produkte\/intersim-iii-interface\/#breadcrumb","itemListElement":[{"@type":"ListItem","position":1,"name":"Startseite","item":"https:\/\/intersim3.com\/de\/"},{"@type":"ListItem","position":2,"name":"Produkte","item":"https:\/\/intersim3.com\/de\/produkte\/"},{"@type":"ListItem","position":3,"name":"InterSim III Interface"}]},{"@type":"WebSite","@id":"https:\/\/intersim3.com\/#website","url":"https:\/\/intersim3.com\/","name":"InterSim III","description":"Simuliert. Demonstriert. \u00dcberzeugt.","publisher":{"@id":"https:\/\/intersim3.com\/#organization"},"potentialAction":[{"@type":"SearchAction","target":{"@type":"EntryPoint","urlTemplate":"https:\/\/intersim3.com\/?s={search_term_string}"},"query-input":{"@type":"PropertyValueSpecification","valueRequired":true,"valueName":"search_term_string"}}],"inLanguage":"de"},{"@type":"Organization","@id":"https:\/\/intersim3.com\/#organization","name":"Ingenieurb\u00fcro Lang","url":"https:\/\/intersim3.com\/","logo":{"@type":"ImageObject","inLanguage":"de","@id":"https:\/\/intersim3.com\/#\/schema\/logo\/image\/","url":"https:\/\/intersim3.com\/wp-content\/uploads\/_pda\/2020\/09\/Logo_IBL_invers-1.png","contentUrl":"https:\/\/intersim3.com\/wp-content\/uploads\/_pda\/2020\/09\/Logo_IBL_invers-1.png","width":100,"height":100,"caption":"Ingenieurb\u00fcro Lang"},"image":{"@id":"https:\/\/intersim3.com\/#\/schema\/logo\/image\/"}}]}},"_links":{"self":[{"href":"https:\/\/intersim3.com\/de\/wp-json\/wp\/v2\/pages\/6408","targetHints":{"allow":["GET"]}}],"collection":[{"href":"https:\/\/intersim3.com\/de\/wp-json\/wp\/v2\/pages"}],"about":[{"href":"https:\/\/intersim3.com\/de\/wp-json\/wp\/v2\/types\/page"}],"author":[{"embeddable":true,"href":"https:\/\/intersim3.com\/de\/wp-json\/wp\/v2\/users\/4"}],"replies":[{"embeddable":true,"href":"https:\/\/intersim3.com\/de\/wp-json\/wp\/v2\/comments?post=6408"}],"version-history":[{"count":6,"href":"https:\/\/intersim3.com\/de\/wp-json\/wp\/v2\/pages\/6408\/revisions"}],"predecessor-version":[{"id":8869,"href":"https:\/\/intersim3.com\/de\/wp-json\/wp\/v2\/pages\/6408\/revisions\/8869"}],"up":[{"embeddable":true,"href":"https:\/\/intersim3.com\/de\/wp-json\/wp\/v2\/pages\/6404"}],"wp:attachment":[{"href":"https:\/\/intersim3.com\/de\/wp-json\/wp\/v2\/media?parent=6408"}],"curies":[{"name":"wp","href":"https:\/\/api.w.org\/{rel}","templated":true}]}}