{"id":6401,"date":"2019-05-15T08:00:20","date_gmt":"2019-05-15T08:00:20","guid":{"rendered":"https:\/\/intersim3.com\/?page_id=6401"},"modified":"2024-08-21T18:38:54","modified_gmt":"2024-08-21T17:38:54","slug":"unternehmen","status":"publish","type":"page","link":"https:\/\/intersim3.com\/de\/unternehmen\/","title":{"rendered":"Unternehmen"},"content":{"rendered":"[vc_row type=&#8221;full_width_background&#8221; full_screen_row_position=&#8221;middle&#8221; bg_image=&#8221;8023&#8243; bg_position=&#8221;center top&#8221; bg_repeat=&#8221;no-repeat&#8221; full_height=&#8221;yes&#8221; columns_placement=&#8221;bottom&#8221; bg_color=&#8221;#cbcbc3&#8243; scene_position=&#8221;center&#8221; text_color=&#8221;light&#8221; text_align=&#8221;left&#8221; top_padding=&#8221;4%&#8221; bottom_padding=&#8221;4%&#8221; id=&#8221;produkt&#8221; enable_gradient=&#8221;true&#8221; color_overlay_2=&#8221;#151519&#8243; gradient_direction=&#8221;top_to_bottom&#8221; overlay_strength=&#8221;1&#8243; shape_divider_position=&#8221;bottom&#8221; bg_image_animation=&#8221;none&#8221; shape_type=&#8221;&#8221;][vc_column column_padding=&#8221;no-extra-padding&#8221; column_padding_position=&#8221;all&#8221; background_color_opacity=&#8221;1&#8243; background_hover_color_opacity=&#8221;1&#8243; column_link_target=&#8221;_self&#8221; column_shadow=&#8221;none&#8221; column_border_radius=&#8221;none&#8221; width=&#8221;1\/2&#8243; tablet_width_inherit=&#8221;default&#8221; tablet_text_alignment=&#8221;default&#8221; phone_text_alignment=&#8221;default&#8221; column_border_width=&#8221;none&#8221; column_border_style=&#8221;solid&#8221; bg_image_animation=&#8221;none&#8221;][vc_row_inner column_margin=&#8221;default&#8221; top_padding=&#8221;65%&#8221; text_align=&#8221;left&#8221;][vc_column_inner column_padding=&#8221;no-extra-padding&#8221; column_padding_position=&#8221;all&#8221; background_color_opacity=&#8221;1&#8243; background_hover_color_opacity=&#8221;1&#8243; column_shadow=&#8221;none&#8221; column_border_radius=&#8221;none&#8221; column_link_target=&#8221;_self&#8221; width=&#8221;1\/1&#8243; tablet_width_inherit=&#8221;default&#8221; column_border_width=&#8221;none&#8221; column_border_style=&#8221;solid&#8221; bg_image_animation=&#8221;none&#8221;][\/vc_column_inner][\/vc_row_inner][vc_row_inner column_margin=&#8221;default&#8221; text_align=&#8221;left&#8221;][vc_column_inner column_padding=&#8221;no-extra-padding&#8221; column_padding_position=&#8221;all&#8221; background_color_opacity=&#8221;1&#8243; background_hover_color_opacity=&#8221;1&#8243; column_shadow=&#8221;none&#8221; column_border_radius=&#8221;none&#8221; column_link_target=&#8221;_self&#8221; width=&#8221;1\/1&#8243; tablet_width_inherit=&#8221;default&#8221; column_border_width=&#8221;none&#8221; column_border_style=&#8221;solid&#8221; bg_image_animation=&#8221;none&#8221; enable_animation=&#8221;true&#8221; animation=&#8221;fade-in-from-bottom&#8221;][vc_column_text]\n<h1>Die Geschichte von InterSim<\/h1>\n<p>InterSim ist in mehr als nur einer Hinsicht ein Herzensprojekt. InterSim steht f\u00fcr Verl\u00e4sslichkeit in Serie. Bereits seit 1993 besch\u00e4ftigen wir uns beim Ingenieurb\u00fcro Lang mit der lebensnahen Simulation des menschlichen Herzens.<span class=\"Apple-converted-space\">\u00a0<\/span>[\/vc_column_text][\/vc_column_inner][\/vc_row_inner][\/vc_column][vc_column column_padding=&#8221;no-extra-padding&#8221; column_padding_position=&#8221;all&#8221; background_color_opacity=&#8221;1&#8243; background_hover_color_opacity=&#8221;1&#8243; column_link_target=&#8221;_self&#8221; column_shadow=&#8221;none&#8221; column_border_radius=&#8221;none&#8221; width=&#8221;1\/2&#8243; tablet_width_inherit=&#8221;default&#8221; tablet_text_alignment=&#8221;default&#8221; phone_text_alignment=&#8221;default&#8221; column_border_width=&#8221;none&#8221; column_border_style=&#8221;solid&#8221; bg_image_animation=&#8221;none&#8221;][\/vc_column][\/vc_row][vc_row type=&#8221;full_width_background&#8221; full_screen_row_position=&#8221;middle&#8221; equal_height=&#8221;yes&#8221; content_placement=&#8221;middle&#8221; bg_color=&#8221;#ecf7ff&#8221; scene_position=&#8221;center&#8221; text_color=&#8221;dark&#8221; text_align=&#8221;left&#8221; top_padding=&#8221;4%&#8221; bottom_padding=&#8221;4%&#8221; row_name=&#8221;Sign Up Steps&#8221; overlay_strength=&#8221;0.3&#8243; shape_divider_position=&#8221;bottom&#8221; bg_image_animation=&#8221;none&#8221; shape_type=&#8221;&#8221;][vc_column column_padding=&#8221;padding-2-percent&#8221; column_padding_position=&#8221;all&#8221; background_color_opacity=&#8221;1&#8243; background_hover_color_opacity=&#8221;1&#8243; column_link_target=&#8221;_self&#8221; column_shadow=&#8221;none&#8221; column_border_radius=&#8221;none&#8221; width=&#8221;6\/12&#8243; tablet_width_inherit=&#8221;default&#8221; tablet_text_alignment=&#8221;default&#8221; phone_text_alignment=&#8221;default&#8221; column_border_width=&#8221;none&#8221; column_border_style=&#8221;solid&#8221; bg_image_animation=&#8221;none&#8221;][nectar_icon_list animate=&#8221;true&#8221; color=&#8221;default&#8221; direction=&#8221;vertical&#8221; icon_size=&#8221;small&#8221; icon_style=&#8221;border&#8221;][nectar_icon_list_item icon_type=&#8221;numerical&#8221; title=&#8221;List Item&#8221; id=&#8221;1724261912053-6&#8243; tab_id=&#8221;1724261912053-4&#8243; header=&#8221;1993&#8243; text=&#8221;Ingenieurb\u00fcro Lang beginnt mit der Entwicklung eines Herzsimulators als Auftragsprojekt. Der Interactive Heart Simulator InterSim I wird im Herbst vorgestellt und verf\u00fcgt \u00fcber einen 1 MHz 8bit Mikrocontroller, serielle Schnittstelle, 2 intrakardiale EKG-Kan\u00e4le, 1 HV-Kanal, 3 Oberfl\u00e4chen-EKGs sowie eine DOS-basierte Benutzeroberfl\u00e4che.&#8221;] [\/nectar_icon_list_item][nectar_icon_list_item icon_type=&#8221;numerical&#8221; title=&#8221;List Item&#8221; id=&#8221;1724261912078-5&#8243; tab_id=&#8221;1724261912080-3&#8243; header=&#8221;2000&#8243; text=&#8221;Die InterSim-Software wird erstmals als Windows-Anwendung ver\u00f6ffentlicht.&#8221;] [\/nectar_icon_list_item][nectar_icon_list_item icon_type=&#8221;numerical&#8221; title=&#8221;List Item&#8221; id=&#8221;1724261912094-6&#8243; tab_id=&#8221;1724261912095-0&#8243; header=&#8221;2005&#8243; text=&#8221;In Kooperation mit TQ Systems (ehemals Colour Control Farbme\u00dftechnik GmbH) wird eine verbesserte Hardware als Eigenprojekt konzipiert und entwickelt.&#8221;][\/nectar_icon_list_item][nectar_icon_list_item icon_type=&#8221;numerical&#8221; title=&#8221;List Item&#8221; id=&#8221;1724261912109-1&#8243; tab_id=&#8221;1724261912110-1&#8243; header=&#8221;2006&#8243; text=&#8221;Der leistungsf\u00e4higere InterSim II wird im Herbst ver\u00f6ffentlicht. Er verf\u00fcgt \u00fcber einen 16 MHz 8bit Mikrocontroller, USB2-Schnittstelle, 3 intrakardiale EKG-Kan\u00e4le, 1 HV-Kanal, 3 Oberfl\u00e4chen-EKGs, eine verbesserte Schrittmacherimpulserkennung, Defi-Schockmessung und eine neue Windows-Benutzeroberfl\u00e4che.&#8221;][\/nectar_icon_list_item][nectar_icon_list_item icon_type=&#8221;numerical&#8221; title=&#8221;List Item&#8221; id=&#8221;1724261912123-7&#8243; tab_id=&#8221;1724261912124-8&#8243; header=&#8221;2015&#8243; text=&#8221;Der Prototyp des InterSim Touch wird erstmals auf DGK Herbsttagung und Jahrestagung der Arbeitsgruppe Rhythmologie vorgestellt.&#8221;][\/nectar_icon_list_item][nectar_icon_list_item icon_type=&#8221;numerical&#8221; title=&#8221;List Item&#8221; id=&#8221;1724261912139-3&#8243; tab_id=&#8221;1724261912140-10&#8243; header=&#8221;2019&#8243; text=&#8221;InterSim III wird im Mai ver\u00f6ffentlicht und erstmalig in zwei Versionen, als InterSim III Touch und InterSim III Interface angeboten. Er verf\u00fcgt \u00fcber einen STM32 Mikrocontroller, USB2-Schnittstelle, 8 intrakardiale EKG- Kan\u00e4le, 2 HV-Kan\u00e4le, 3 Oberfl\u00e4chen-EKGs, vollst\u00e4ndige Unterst\u00fctzung von IS4 und DF4 sowie eine Adpterbox zum sicheren Anschluss von Schrittmachern und Defibrillatoren.&#8221;][\/nectar_icon_list_item][nectar_icon_list_item icon_type=&#8221;numerical&#8221; title=&#8221;List Item&#8221; id=&#8221;1724261912155-1&#8243; tab_id=&#8221;1724261912156-0&#8243; header=&#8221;2020&#8243; text=&#8221;Wie schon in InterSim II steht nun auch in InterSim III der Local Classroom zur Verf\u00fcgung. Eine Gruppe von InterSim-Benutzern kann gemeinsam die Anwendung von Herzschrittmachern und Defibrillatoren trainieren.&#8221;][\/nectar_icon_list_item][nectar_icon_list_item icon_type=&#8221;numerical&#8221; title=&#8221;List Item&#8221; id=&#8221;1724261912171-6&#8243; tab_id=&#8221;1724261912171-9&#8243; header=&#8221;2021&#8243; text=&#8221;Unsere Antwort auf Corona ist der Web Classroom. Mit InterSim III k\u00f6nnen Anwender gemeinsam in der Herzschrittmachertechnologie geschult werden, unabh\u00e4ngig davon, wo sie sich gerade befinden.&#8221;][\/nectar_icon_list_item][nectar_icon_list_item icon_type=&#8221;numerical&#8221; title=&#8221;List Item&#8221; id=&#8221;1724261912186-6&#8243; tab_id=&#8221;1724261912186-10&#8243; header=&#8221;2024&#8243; text=&#8221;InterSim III wird von Anwendern auf der ganzen Welt mit Begeisterung eingesetzt, sei es bei Herzschrittmacherherstellern in den USA, in Trainingszentren in Japan oder in Krankenh\u00e4usern in Australien, um nur einige zu nennen.&#8221;][\/nectar_icon_list_item][\/nectar_icon_list][\/vc_column][vc_column column_padding=&#8221;no-extra-padding&#8221; column_padding_position=&#8221;all&#8221; background_color_opacity=&#8221;1&#8243; background_hover_color_opacity=&#8221;1&#8243; column_link_target=&#8221;_self&#8221; column_shadow=&#8221;none&#8221; column_border_radius=&#8221;none&#8221; width=&#8221;6\/12&#8243; tablet_width_inherit=&#8221;default&#8221; tablet_text_alignment=&#8221;default&#8221; phone_text_alignment=&#8221;default&#8221; column_border_width=&#8221;none&#8221; column_border_style=&#8221;solid&#8221; bg_image_animation=&#8221;none&#8221;]<div class=\"img-with-aniamtion-wrap \" data-max-width=\"175%\" data-border-radius=\"none\"><div class=\"inner\"><img loading=\"lazy\" decoding=\"async\" data-shadow=\"none\" data-shadow-direction=\"middle\" class=\"img-with-animation skip-lazy \" data-delay=\"0\" height=\"853\" width=\"1280\"  data-animation=\"fade-in-from-right\" src=\"https:\/\/intersim3.com\/wp-content\/uploads\/2020\/02\/8243-2-Kopie.png\" srcset=\"https:\/\/intersim3.com\/wp-content\/uploads\/2020\/02\/8243-2-Kopie.png 1280w, https:\/\/intersim3.com\/wp-content\/uploads\/2020\/02\/8243-2-Kopie-300x200.png 300w, https:\/\/intersim3.com\/wp-content\/uploads\/2020\/02\/8243-2-Kopie-1024x682.png 1024w, https:\/\/intersim3.com\/wp-content\/uploads\/2020\/02\/8243-2-Kopie-768x512.png 768w, https:\/\/intersim3.com\/wp-content\/uploads\/2020\/02\/8243-2-Kopie-900x600.png 900w\" sizes=\"auto, 100vw\" alt=\"\" \/><\/div><\/div>[\/vc_column][\/vc_row][vc_row type=&#8221;full_width_background&#8221; full_screen_row_position=&#8221;middle&#8221; bg_image=&#8221;8025&#8243; bg_position=&#8221;center center&#8221; bg_repeat=&#8221;no-repeat&#8221; bg_color=&#8221;#ffffff&#8221; scene_position=&#8221;center&#8221; text_color=&#8221;light&#8221; text_align=&#8221;left&#8221; top_padding=&#8221;4%&#8221; bottom_padding=&#8221;4%&#8221; id=&#8221;company&#8221; color_overlay=&#8221;#0a0a0a&#8221; overlay_strength=&#8221;0.5&#8243; shape_divider_position=&#8221;bottom&#8221; bg_image_animation=&#8221;none&#8221; parallax_bg=&#8221;true&#8221; parallax_bg_speed=&#8221;fast&#8221; shape_type=&#8221;&#8221;][vc_column column_padding=&#8221;no-extra-padding&#8221; column_padding_position=&#8221;all&#8221; background_color_opacity=&#8221;1&#8243; background_hover_color_opacity=&#8221;1&#8243; column_link_target=&#8221;_self&#8221; column_shadow=&#8221;none&#8221; column_border_radius=&#8221;none&#8221; width=&#8221;1\/1&#8243; tablet_width_inherit=&#8221;default&#8221; tablet_text_alignment=&#8221;default&#8221; phone_text_alignment=&#8221;default&#8221; column_border_width=&#8221;none&#8221; column_border_style=&#8221;solid&#8221; bg_image_animation=&#8221;none&#8221;][vc_row_inner equal_height=&#8221;yes&#8221; content_placement=&#8221;middle&#8221; column_margin=&#8221;default&#8221; top_padding=&#8221;15%&#8221; bottom_padding=&#8221;14%&#8221; text_align=&#8221;left&#8221;][vc_column_inner column_padding=&#8221;no-extra-padding&#8221; column_padding_position=&#8221;all&#8221; background_color_opacity=&#8221;1&#8243; background_hover_color_opacity=&#8221;1&#8243; column_shadow=&#8221;none&#8221; column_border_radius=&#8221;none&#8221; column_link_target=&#8221;_self&#8221; width=&#8221;1\/2&#8243; tablet_width_inherit=&#8221;default&#8221; column_border_width=&#8221;none&#8221; column_border_style=&#8221;solid&#8221; bg_image_animation=&#8221;none&#8221; enable_animation=&#8221;true&#8221; animation=&#8221;fade-in&#8221; offset=&#8221;vc_col-lg-6 vc_col-md-6 vc_col-xs-12&#8243;][\/vc_column_inner][vc_column_inner column_padding=&#8221;no-extra-padding&#8221; column_padding_position=&#8221;all&#8221; background_color_opacity=&#8221;1&#8243; background_hover_color_opacity=&#8221;1&#8243; column_shadow=&#8221;none&#8221; column_border_radius=&#8221;none&#8221; column_link_target=&#8221;_self&#8221; width=&#8221;1\/4&#8243; tablet_width_inherit=&#8221;default&#8221; column_border_width=&#8221;none&#8221; column_border_style=&#8221;solid&#8221; bg_image_animation=&#8221;none&#8221; offset=&#8221;vc_hidden-sm vc_hidden-xs&#8221;][\/vc_column_inner][vc_column_inner column_padding=&#8221;padding-6-percent&#8221; column_padding_position=&#8221;bottom&#8221; background_color_opacity=&#8221;1&#8243; background_hover_color_opacity=&#8221;1&#8243; column_shadow=&#8221;none&#8221; column_border_radius=&#8221;none&#8221; column_link_target=&#8221;_self&#8221; width=&#8221;1\/4&#8243; tablet_width_inherit=&#8221;default&#8221; column_border_width=&#8221;none&#8221; column_border_style=&#8221;solid&#8221; bg_image_animation=&#8221;none&#8221; enable_animation=&#8221;true&#8221; animation=&#8221;fade-in-from-bottom&#8221; offset=&#8221;vc_col-xs-12&#8243;][\/vc_column_inner][\/vc_row_inner][vc_row_inner column_margin=&#8221;default&#8221; text_align=&#8221;left&#8221;][vc_column_inner column_padding=&#8221;padding-2-percent&#8221; column_padding_position=&#8221;top-bottom&#8221; background_color_opacity=&#8221;1&#8243; background_hover_color_opacity=&#8221;1&#8243; column_shadow=&#8221;none&#8221; column_border_radius=&#8221;none&#8221; column_link_target=&#8221;_self&#8221; width=&#8221;1\/2&#8243; tablet_width_inherit=&#8221;default&#8221; column_border_width=&#8221;none&#8221; column_border_style=&#8221;solid&#8221; bg_image_animation=&#8221;none&#8221; enable_animation=&#8221;true&#8221; animation=&#8221;fade-in-from-bottom&#8221;][vc_column_text]Mit \u00fcber 30 Jahren Expertise arbeitet das Ingenieurb\u00fcro Lang an innovativen L\u00f6sungen f\u00fcr technische Herausforderungen. Unser Leistungsportfolio erstreckt sich dabei \u00fcber verschiedene Themenfelder von der Auftragserfassung und Sendungsverfolgung im Speditionsbereich \u00fcber den Finanz- und Verwaltungssektor bis hin zu Simulationen und technischen Anwendungen im medizinischen Bereich.[\/vc_column_text][\/vc_column_inner][vc_column_inner column_padding=&#8221;no-extra-padding&#8221; column_padding_position=&#8221;all&#8221; background_color_opacity=&#8221;1&#8243; background_hover_color_opacity=&#8221;1&#8243; column_shadow=&#8221;none&#8221; column_border_radius=&#8221;none&#8221; column_link_target=&#8221;_self&#8221; width=&#8221;1\/2&#8243; tablet_width_inherit=&#8221;default&#8221; column_border_width=&#8221;none&#8221; column_border_style=&#8221;solid&#8221; bg_image_animation=&#8221;none&#8221;][\/vc_column_inner][\/vc_row_inner][\/vc_column][\/vc_row]\n","protected":false},"excerpt":{"rendered":"<p>[vc_row type=&#8221;full_width_background&#8221; full_screen_row_position=&#8221;middle&#8221; bg_image=&#8221;8023&#8243; bg_position=&#8221;center top&#8221; bg_repeat=&#8221;no-repeat&#8221; full_height=&#8221;yes&#8221; columns_placement=&#8221;bottom&#8221; bg_color=&#8221;#cbcbc3&#8243; scene_position=&#8221;center&#8221; text_color=&#8221;light&#8221; text_align=&#8221;left&#8221; top_padding=&#8221;4%&#8221; bottom_padding=&#8221;4%&#8221; id=&#8221;produkt&#8221; enable_gradient=&#8221;true&#8221; color_overlay_2=&#8221;#151519&#8243; gradient_direction=&#8221;top_to_bottom&#8221; overlay_strength=&#8221;1&#8243; shape_divider_position=&#8221;bottom&#8221; bg_image_animation=&#8221;none&#8221; shape_type=&#8221;&#8221;][vc_column column_padding=&#8221;no-extra-padding&#8221; column_padding_position=&#8221;all&#8221; background_color_opacity=&#8221;1&#8243; background_hover_color_opacity=&#8221;1&#8243; column_link_target=&#8221;_self&#8221; column_shadow=&#8221;none&#8221; column_border_radius=&#8221;none&#8221;&#8230;<\/p>\n","protected":false},"author":4,"featured_media":0,"parent":0,"menu_order":0,"comment_status":"closed","ping_status":"closed","template":"","meta":{"footnotes":""},"class_list":["post-6401","page","type-page","status-publish"],"yoast_head":"<!-- This site is optimized with the Yoast SEO plugin v27.3 - https:\/\/yoast.com\/product\/yoast-seo-wordpress\/ -->\n<title>Unternehmen - InterSim III<\/title>\n<meta name=\"robots\" content=\"index, follow, max-snippet:-1, max-image-preview:large, max-video-preview:-1\" \/>\n<link rel=\"canonical\" href=\"https:\/\/intersim3.com\/de\/unternehmen\/\" \/>\n<meta property=\"og:locale\" content=\"de_DE\" \/>\n<meta property=\"og:type\" content=\"article\" \/>\n<meta property=\"og:title\" content=\"Unternehmen - InterSim III\" \/>\n<meta property=\"og:description\" content=\"[vc_row type=&#8221;full_width_background&#8221; full_screen_row_position=&#8221;middle&#8221; bg_image=&#8221;8023&#8243; bg_position=&#8221;center top&#8221; bg_repeat=&#8221;no-repeat&#8221; full_height=&#8221;yes&#8221; columns_placement=&#8221;bottom&#8221; bg_color=&#8221;#cbcbc3&#8243; scene_position=&#8221;center&#8221; text_color=&#8221;light&#8221; text_align=&#8221;left&#8221; top_padding=&#8221;4%&#8221; bottom_padding=&#8221;4%&#8221; id=&#8221;produkt&#8221; enable_gradient=&#8221;true&#8221; color_overlay_2=&#8221;#151519&#8243; gradient_direction=&#8221;top_to_bottom&#8221; overlay_strength=&#8221;1&#8243; shape_divider_position=&#8221;bottom&#8221; bg_image_animation=&#8221;none&#8221; shape_type=&#8221;&#8221;][vc_column column_padding=&#8221;no-extra-padding&#8221; column_padding_position=&#8221;all&#8221; background_color_opacity=&#8221;1&#8243; background_hover_color_opacity=&#8221;1&#8243; column_link_target=&#8221;_self&#8221; column_shadow=&#8221;none&#8221; column_border_radius=&#8221;none&#8221;...\" \/>\n<meta property=\"og:url\" content=\"https:\/\/intersim3.com\/de\/unternehmen\/\" \/>\n<meta property=\"og:site_name\" content=\"InterSim III\" \/>\n<meta property=\"article:modified_time\" content=\"2024-08-21T17:38:54+00:00\" \/>\n<meta name=\"twitter:card\" content=\"summary_large_image\" \/>\n<meta name=\"twitter:label1\" content=\"Gesch\u00e4tzte Lesezeit\" \/>\n\t<meta name=\"twitter:data1\" content=\"4\u00a0Minuten\" \/>\n<script type=\"application\/ld+json\" class=\"yoast-schema-graph\">{\"@context\":\"https:\\\/\\\/schema.org\",\"@graph\":[{\"@type\":\"WebPage\",\"@id\":\"https:\\\/\\\/intersim3.com\\\/de\\\/unternehmen\\\/\",\"url\":\"https:\\\/\\\/intersim3.com\\\/de\\\/unternehmen\\\/\",\"name\":\"Unternehmen - InterSim III\",\"isPartOf\":{\"@id\":\"https:\\\/\\\/intersim3.com\\\/#website\"},\"datePublished\":\"2019-05-15T08:00:20+00:00\",\"dateModified\":\"2024-08-21T17:38:54+00:00\",\"breadcrumb\":{\"@id\":\"https:\\\/\\\/intersim3.com\\\/de\\\/unternehmen\\\/#breadcrumb\"},\"inLanguage\":\"de\",\"potentialAction\":[{\"@type\":\"ReadAction\",\"target\":[\"https:\\\/\\\/intersim3.com\\\/de\\\/unternehmen\\\/\"]}]},{\"@type\":\"BreadcrumbList\",\"@id\":\"https:\\\/\\\/intersim3.com\\\/de\\\/unternehmen\\\/#breadcrumb\",\"itemListElement\":[{\"@type\":\"ListItem\",\"position\":1,\"name\":\"Startseite\",\"item\":\"https:\\\/\\\/intersim3.com\\\/de\\\/\"},{\"@type\":\"ListItem\",\"position\":2,\"name\":\"Unternehmen\"}]},{\"@type\":\"WebSite\",\"@id\":\"https:\\\/\\\/intersim3.com\\\/#website\",\"url\":\"https:\\\/\\\/intersim3.com\\\/\",\"name\":\"InterSim III\",\"description\":\"Simuliert. Demonstriert. \u00dcberzeugt.\",\"publisher\":{\"@id\":\"https:\\\/\\\/intersim3.com\\\/#organization\"},\"potentialAction\":[{\"@type\":\"SearchAction\",\"target\":{\"@type\":\"EntryPoint\",\"urlTemplate\":\"https:\\\/\\\/intersim3.com\\\/?s={search_term_string}\"},\"query-input\":{\"@type\":\"PropertyValueSpecification\",\"valueRequired\":true,\"valueName\":\"search_term_string\"}}],\"inLanguage\":\"de\"},{\"@type\":\"Organization\",\"@id\":\"https:\\\/\\\/intersim3.com\\\/#organization\",\"name\":\"Ingenieurb\u00fcro Lang\",\"url\":\"https:\\\/\\\/intersim3.com\\\/\",\"logo\":{\"@type\":\"ImageObject\",\"inLanguage\":\"de\",\"@id\":\"https:\\\/\\\/intersim3.com\\\/#\\\/schema\\\/logo\\\/image\\\/\",\"url\":\"https:\\\/\\\/intersim3.com\\\/wp-content\\\/uploads\\\/_pda\\\/2020\\\/09\\\/Logo_IBL_invers-1.png\",\"contentUrl\":\"https:\\\/\\\/intersim3.com\\\/wp-content\\\/uploads\\\/_pda\\\/2020\\\/09\\\/Logo_IBL_invers-1.png\",\"width\":100,\"height\":100,\"caption\":\"Ingenieurb\u00fcro Lang\"},\"image\":{\"@id\":\"https:\\\/\\\/intersim3.com\\\/#\\\/schema\\\/logo\\\/image\\\/\"}}]}<\/script>\n<!-- \/ Yoast SEO plugin. -->","yoast_head_json":{"title":"Unternehmen - InterSim III","robots":{"index":"index","follow":"follow","max-snippet":"max-snippet:-1","max-image-preview":"max-image-preview:large","max-video-preview":"max-video-preview:-1"},"canonical":"https:\/\/intersim3.com\/de\/unternehmen\/","og_locale":"de_DE","og_type":"article","og_title":"Unternehmen - InterSim III","og_description":"[vc_row type=&#8221;full_width_background&#8221; full_screen_row_position=&#8221;middle&#8221; bg_image=&#8221;8023&#8243; bg_position=&#8221;center top&#8221; bg_repeat=&#8221;no-repeat&#8221; full_height=&#8221;yes&#8221; columns_placement=&#8221;bottom&#8221; bg_color=&#8221;#cbcbc3&#8243; scene_position=&#8221;center&#8221; text_color=&#8221;light&#8221; text_align=&#8221;left&#8221; top_padding=&#8221;4%&#8221; bottom_padding=&#8221;4%&#8221; id=&#8221;produkt&#8221; enable_gradient=&#8221;true&#8221; color_overlay_2=&#8221;#151519&#8243; gradient_direction=&#8221;top_to_bottom&#8221; overlay_strength=&#8221;1&#8243; shape_divider_position=&#8221;bottom&#8221; bg_image_animation=&#8221;none&#8221; shape_type=&#8221;&#8221;][vc_column column_padding=&#8221;no-extra-padding&#8221; column_padding_position=&#8221;all&#8221; background_color_opacity=&#8221;1&#8243; background_hover_color_opacity=&#8221;1&#8243; column_link_target=&#8221;_self&#8221; column_shadow=&#8221;none&#8221; column_border_radius=&#8221;none&#8221;...","og_url":"https:\/\/intersim3.com\/de\/unternehmen\/","og_site_name":"InterSim III","article_modified_time":"2024-08-21T17:38:54+00:00","twitter_card":"summary_large_image","twitter_misc":{"Gesch\u00e4tzte Lesezeit":"4\u00a0Minuten"},"schema":{"@context":"https:\/\/schema.org","@graph":[{"@type":"WebPage","@id":"https:\/\/intersim3.com\/de\/unternehmen\/","url":"https:\/\/intersim3.com\/de\/unternehmen\/","name":"Unternehmen - InterSim III","isPartOf":{"@id":"https:\/\/intersim3.com\/#website"},"datePublished":"2019-05-15T08:00:20+00:00","dateModified":"2024-08-21T17:38:54+00:00","breadcrumb":{"@id":"https:\/\/intersim3.com\/de\/unternehmen\/#breadcrumb"},"inLanguage":"de","potentialAction":[{"@type":"ReadAction","target":["https:\/\/intersim3.com\/de\/unternehmen\/"]}]},{"@type":"BreadcrumbList","@id":"https:\/\/intersim3.com\/de\/unternehmen\/#breadcrumb","itemListElement":[{"@type":"ListItem","position":1,"name":"Startseite","item":"https:\/\/intersim3.com\/de\/"},{"@type":"ListItem","position":2,"name":"Unternehmen"}]},{"@type":"WebSite","@id":"https:\/\/intersim3.com\/#website","url":"https:\/\/intersim3.com\/","name":"InterSim III","description":"Simuliert. Demonstriert. \u00dcberzeugt.","publisher":{"@id":"https:\/\/intersim3.com\/#organization"},"potentialAction":[{"@type":"SearchAction","target":{"@type":"EntryPoint","urlTemplate":"https:\/\/intersim3.com\/?s={search_term_string}"},"query-input":{"@type":"PropertyValueSpecification","valueRequired":true,"valueName":"search_term_string"}}],"inLanguage":"de"},{"@type":"Organization","@id":"https:\/\/intersim3.com\/#organization","name":"Ingenieurb\u00fcro Lang","url":"https:\/\/intersim3.com\/","logo":{"@type":"ImageObject","inLanguage":"de","@id":"https:\/\/intersim3.com\/#\/schema\/logo\/image\/","url":"https:\/\/intersim3.com\/wp-content\/uploads\/_pda\/2020\/09\/Logo_IBL_invers-1.png","contentUrl":"https:\/\/intersim3.com\/wp-content\/uploads\/_pda\/2020\/09\/Logo_IBL_invers-1.png","width":100,"height":100,"caption":"Ingenieurb\u00fcro Lang"},"image":{"@id":"https:\/\/intersim3.com\/#\/schema\/logo\/image\/"}}]}},"_links":{"self":[{"href":"https:\/\/intersim3.com\/de\/wp-json\/wp\/v2\/pages\/6401","targetHints":{"allow":["GET"]}}],"collection":[{"href":"https:\/\/intersim3.com\/de\/wp-json\/wp\/v2\/pages"}],"about":[{"href":"https:\/\/intersim3.com\/de\/wp-json\/wp\/v2\/types\/page"}],"author":[{"embeddable":true,"href":"https:\/\/intersim3.com\/de\/wp-json\/wp\/v2\/users\/4"}],"replies":[{"embeddable":true,"href":"https:\/\/intersim3.com\/de\/wp-json\/wp\/v2\/comments?post=6401"}],"version-history":[{"count":12,"href":"https:\/\/intersim3.com\/de\/wp-json\/wp\/v2\/pages\/6401\/revisions"}],"predecessor-version":[{"id":8865,"href":"https:\/\/intersim3.com\/de\/wp-json\/wp\/v2\/pages\/6401\/revisions\/8865"}],"wp:attachment":[{"href":"https:\/\/intersim3.com\/de\/wp-json\/wp\/v2\/media?parent=6401"}],"curies":[{"name":"wp","href":"https:\/\/api.w.org\/{rel}","templated":true}]}}